{"id":2938,"date":"2024-09-17T21:46:01","date_gmt":"2024-09-17T19:46:01","guid":{"rendered":"https:\/\/revita-clinic.eu\/restaurant\/"},"modified":"2026-02-25T13:11:51","modified_gmt":"2026-02-25T11:11:51","slug":"restaurant","status":"publish","type":"page","link":"https:\/\/revita-clinic.eu\/de\/restaurant\/","title":{"rendered":"Restaurant"},"content":{"rendered":"\n<div class=\"wp-block-group alignfull about\"><div class=\"wp-block-group__inner-container is-layout-constrained wp-block-group-is-layout-constrained\">\n<div class=\"wp-block-columns is-layout-flex wp-container-core-columns-is-layout-9d6595d7 wp-block-columns-is-layout-flex\">\n<div class=\"wp-block-column is-vertically-aligned-center is-layout-flow wp-block-column-is-layout-flow\">\n<h4 class=\"wp-block-heading has-text-align-left\">Das einzige Mindful Eating Restaurant in Slowenien<\/h4>\n\n\n\n<p>Ein Schl\u00fcsselfaktor f\u00fcr den Erfolg jedes therapeutischen Programms in unserer Klinik ist eine gesunde Ern\u00e4hrung. Die Behandlung ist nur dann effektiv und hat eine langfristige Wirkung, wenn sie sowohl von au\u00dfen als auch von innen wirkt.<\/p>\n\n\n\n<p>Deshalb haben wir f\u00fcr unsere Patienten das Mindful Eating Restaurant Donatella er\u00f6ffnet! Es ist ein Ort, an dem kulinarische Kunst auf die Wissenschaft der Gesundheit und Langlebigkeit trifft. Hier bei &#8222;Donatella&#8220; wissen wir genau, dass Essen nicht nur ein Weg ist, den Hunger zu stillen, sondern auch eine nat\u00fcrliche Medizin.<\/p>\n<\/div>\n\n\n\n<div class=\"wp-block-column is-layout-flow wp-block-column-is-layout-flow\"><style>.kb-gallery-id-2938_c5b436-68 .kadence-blocks-gallery-item .kb-gal-image-radius, .kb-gallery-id-2938_c5b436-68 .kb-slide-item .kb-gal-image-radius img{border-radius:0px 0px 0px 0px;;}.kb-gallery-wrap-id-2938_c5b436-68.wp-block-kadence-advancedgallery{overflow:visible;}.kb-gallery-wrap-id-2938_c5b436-68.wp-block-kadence-advancedgallery .kt-blocks-carousel{overflow:visible;}.kb-gallery-id-2938_c5b436-68 .splide.kt-carousel-dotstyle-outlinedark .splide__pagination__page{background-color:transparent;box-shadow:inset 0 0 0 1px #000;-webkit-transition:box-shadow 0.3s ease;-moz-transition:box-shadow 0.3s ease;transition:box-shadow 0.3s ease;}.kb-gallery-id-2938_c5b436-68 .splide.kt-carousel-dotstyle-outlinedark .splide__pagination__page.is-active{background-color:transparent;box-shadow:inset 0 0 0 8px #000;}<\/style><div class=\"kb-gallery-wrap-id-2938_c5b436-68 alignnone wp-block-kadence-advancedgallery\"><div class=\"kb-gallery-ul kb-gallery-non-static kb-gallery-type-slider kb-gallery-id-2938_c5b436-68 kb-gallery-caption-style-bottom-hover kb-gallery-filter-none\" data-image-filter=\"none\" data-lightbox-caption=\"true\"><div class=\"kt-blocks-carousel splide kt-carousel-container-dotstyle-outlinedark kt-carousel-arrowstyle-outlinewhite kt-carousel-dotstyle-outlinedark kb-slider-group-arrow kb-slider-arrow-position-center\" data-slider-anim-speed=\"1790\" data-slider-scroll=\"1\" data-slider-arrows=\"true\" data-slider-fade=\"true\" data-slider-dots=\"true\" data-slider-type=\"slider\" data-slider-hover-pause=\"false\" data-slider-auto=\"\" data-slider-speed=\"3080\" data-show-pause-button=\"false\"><div class=\"splide__track\"><ul class=\"kt-blocks-carousel-init kb-blocks-slider splide__list\"><li class=\"kb-slide-item kb-gallery-slide-item splide__slide\"><div class=\"kadence-blocks-gallery-item\"><div class=\"kadence-blocks-gallery-item-inner\"><figure class=\"kb-gallery-figure kadence-blocks-gallery-item-hide-caption\"><div class=\"kb-gal-image-radius\"><div class=\"kb-gallery-image-contain kadence-blocks-gallery-intrinsic kb-gallery-image-ratio-land32 kb-has-image-ratio-land32\" ><img decoding=\"async\" src=\"https:\/\/revita-clinic.eu\/wp-content\/uploads\/2024\/12\/r4.jpg\" width=\"617\" height=\"415\" alt=\"\" data-full-image=\"https:\/\/revita-clinic.eu\/wp-content\/uploads\/2024\/12\/r4.jpg\" data-light-image=\"https:\/\/revita-clinic.eu\/wp-content\/uploads\/2024\/12\/r4.jpg\" data-id=\"2976\" class=\"wp-image-2976 skip-lazy\" srcset=\"https:\/\/revita-clinic.eu\/wp-content\/uploads\/2024\/12\/r4.jpg 617w, https:\/\/revita-clinic.eu\/wp-content\/uploads\/2024\/12\/r4-300x202.jpg 300w\" sizes=\"(max-width: 617px) 100vw, 617px\" \/><\/div><\/div><\/figure><\/div><\/div><\/li><li class=\"kb-slide-item kb-gallery-slide-item splide__slide\"><div class=\"kadence-blocks-gallery-item\"><div class=\"kadence-blocks-gallery-item-inner\"><figure class=\"kb-gallery-figure kadence-blocks-gallery-item-hide-caption\"><div class=\"kb-gal-image-radius\"><div class=\"kb-gallery-image-contain kadence-blocks-gallery-intrinsic kb-gallery-image-ratio-land32 kb-has-image-ratio-land32\" ><img decoding=\"async\" src=\"https:\/\/revita-clinic.eu\/wp-content\/uploads\/2024\/12\/r1.jpg\" width=\"617\" height=\"415\" alt=\"\" data-full-image=\"https:\/\/revita-clinic.eu\/wp-content\/uploads\/2024\/12\/r1.jpg\" data-light-image=\"https:\/\/revita-clinic.eu\/wp-content\/uploads\/2024\/12\/r1.jpg\" data-id=\"2977\" class=\"wp-image-2977 skip-lazy\" srcset=\"https:\/\/revita-clinic.eu\/wp-content\/uploads\/2024\/12\/r1.jpg 617w, https:\/\/revita-clinic.eu\/wp-content\/uploads\/2024\/12\/r1-300x202.jpg 300w\" sizes=\"(max-width: 617px) 100vw, 617px\" \/><\/div><\/div><\/figure><\/div><\/div><\/li><li class=\"kb-slide-item kb-gallery-slide-item splide__slide\"><div class=\"kadence-blocks-gallery-item\"><div class=\"kadence-blocks-gallery-item-inner\"><figure class=\"kb-gallery-figure kadence-blocks-gallery-item-hide-caption\"><div class=\"kb-gal-image-radius\"><div class=\"kb-gallery-image-contain kadence-blocks-gallery-intrinsic kb-gallery-image-ratio-land32 kb-has-image-ratio-land32\" ><img decoding=\"async\" src=\"https:\/\/revita-clinic.eu\/wp-content\/uploads\/2024\/12\/r3.jpg\" width=\"617\" height=\"415\" alt=\"\" data-full-image=\"https:\/\/revita-clinic.eu\/wp-content\/uploads\/2024\/12\/r3.jpg\" data-light-image=\"https:\/\/revita-clinic.eu\/wp-content\/uploads\/2024\/12\/r3.jpg\" data-id=\"2979\" class=\"wp-image-2979 skip-lazy\" srcset=\"https:\/\/revita-clinic.eu\/wp-content\/uploads\/2024\/12\/r3.jpg 617w, https:\/\/revita-clinic.eu\/wp-content\/uploads\/2024\/12\/r3-300x202.jpg 300w\" sizes=\"(max-width: 617px) 100vw, 617px\" \/><\/div><\/div><\/figure><\/div><\/div><\/li><li class=\"kb-slide-item kb-gallery-slide-item splide__slide\"><div class=\"kadence-blocks-gallery-item\"><div class=\"kadence-blocks-gallery-item-inner\"><figure class=\"kb-gallery-figure kadence-blocks-gallery-item-hide-caption\"><div class=\"kb-gal-image-radius\"><div class=\"kb-gallery-image-contain kadence-blocks-gallery-intrinsic kb-gallery-image-ratio-land32 kb-has-image-ratio-land32\" ><img decoding=\"async\" src=\"https:\/\/revita-clinic.eu\/wp-content\/uploads\/2026\/02\/20251215_hotelaleksander_2025_december_fullsize-104-2-1-1024x683.jpg\" width=\"1024\" height=\"683\" alt=\"\" data-full-image=\"https:\/\/revita-clinic.eu\/wp-content\/uploads\/2026\/02\/20251215_hotelaleksander_2025_december_fullsize-104-2-1-scaled.jpg\" data-light-image=\"https:\/\/revita-clinic.eu\/wp-content\/uploads\/2026\/02\/20251215_hotelaleksander_2025_december_fullsize-104-2-1-scaled.jpg\" data-id=\"16647\" class=\"wp-image-16647 skip-lazy\" srcset=\"https:\/\/revita-clinic.eu\/wp-content\/uploads\/2026\/02\/20251215_hotelaleksander_2025_december_fullsize-104-2-1-1024x683.jpg 1024w, https:\/\/revita-clinic.eu\/wp-content\/uploads\/2026\/02\/20251215_hotelaleksander_2025_december_fullsize-104-2-1-300x200.jpg 300w, https:\/\/revita-clinic.eu\/wp-content\/uploads\/2026\/02\/20251215_hotelaleksander_2025_december_fullsize-104-2-1-768x512.jpg 768w, https:\/\/revita-clinic.eu\/wp-content\/uploads\/2026\/02\/20251215_hotelaleksander_2025_december_fullsize-104-2-1-1536x1024.jpg 1536w, https:\/\/revita-clinic.eu\/wp-content\/uploads\/2026\/02\/20251215_hotelaleksander_2025_december_fullsize-104-2-1-2048x1365.jpg 2048w, https:\/\/revita-clinic.eu\/wp-content\/uploads\/2026\/02\/20251215_hotelaleksander_2025_december_fullsize-104-2-1-1320x880.jpg 1320w\" sizes=\"(max-width: 1024px) 100vw, 1024px\" \/><\/div><\/div><\/figure><\/div><\/div><\/li><li class=\"kb-slide-item kb-gallery-slide-item splide__slide\"><div class=\"kadence-blocks-gallery-item\"><div class=\"kadence-blocks-gallery-item-inner\"><figure class=\"kb-gallery-figure kadence-blocks-gallery-item-hide-caption\"><div class=\"kb-gal-image-radius\"><div class=\"kb-gallery-image-contain kadence-blocks-gallery-intrinsic kb-gallery-image-ratio-land32 kb-has-image-ratio-land32\" ><img decoding=\"async\" src=\"https:\/\/revita-clinic.eu\/wp-content\/uploads\/2026\/02\/20251215_hotelaleksander_2025_december_fullsize-111-1-1-1024x683.jpg\" width=\"1024\" height=\"683\" alt=\"\" data-full-image=\"https:\/\/revita-clinic.eu\/wp-content\/uploads\/2026\/02\/20251215_hotelaleksander_2025_december_fullsize-111-1-1-scaled.jpg\" data-light-image=\"https:\/\/revita-clinic.eu\/wp-content\/uploads\/2026\/02\/20251215_hotelaleksander_2025_december_fullsize-111-1-1-scaled.jpg\" data-id=\"16641\" class=\"wp-image-16641 skip-lazy\" srcset=\"https:\/\/revita-clinic.eu\/wp-content\/uploads\/2026\/02\/20251215_hotelaleksander_2025_december_fullsize-111-1-1-1024x683.jpg 1024w, https:\/\/revita-clinic.eu\/wp-content\/uploads\/2026\/02\/20251215_hotelaleksander_2025_december_fullsize-111-1-1-300x200.jpg 300w, https:\/\/revita-clinic.eu\/wp-content\/uploads\/2026\/02\/20251215_hotelaleksander_2025_december_fullsize-111-1-1-768x512.jpg 768w, https:\/\/revita-clinic.eu\/wp-content\/uploads\/2026\/02\/20251215_hotelaleksander_2025_december_fullsize-111-1-1-1536x1024.jpg 1536w, https:\/\/revita-clinic.eu\/wp-content\/uploads\/2026\/02\/20251215_hotelaleksander_2025_december_fullsize-111-1-1-2048x1365.jpg 2048w, https:\/\/revita-clinic.eu\/wp-content\/uploads\/2026\/02\/20251215_hotelaleksander_2025_december_fullsize-111-1-1-1320x880.jpg 1320w\" sizes=\"(max-width: 1024px) 100vw, 1024px\" \/><\/div><\/div><\/figure><\/div><\/div><\/li><li class=\"kb-slide-item kb-gallery-slide-item splide__slide\"><div class=\"kadence-blocks-gallery-item\"><div class=\"kadence-blocks-gallery-item-inner\"><figure class=\"kb-gallery-figure kadence-blocks-gallery-item-hide-caption\"><div class=\"kb-gal-image-radius\"><div class=\"kb-gallery-image-contain kadence-blocks-gallery-intrinsic kb-gallery-image-ratio-land32 kb-has-image-ratio-land32\" ><img decoding=\"async\" src=\"https:\/\/revita-clinic.eu\/wp-content\/uploads\/2026\/02\/20260112_hotelaleksander_2026_january_fullsize-61-1-1024x683.jpg\" width=\"1024\" height=\"683\" alt=\"\" data-full-image=\"https:\/\/revita-clinic.eu\/wp-content\/uploads\/2026\/02\/20260112_hotelaleksander_2026_january_fullsize-61-1-scaled.jpg\" data-light-image=\"https:\/\/revita-clinic.eu\/wp-content\/uploads\/2026\/02\/20260112_hotelaleksander_2026_january_fullsize-61-1-scaled.jpg\" data-id=\"16630\" class=\"wp-image-16630 skip-lazy\" srcset=\"https:\/\/revita-clinic.eu\/wp-content\/uploads\/2026\/02\/20260112_hotelaleksander_2026_january_fullsize-61-1-1024x683.jpg 1024w, https:\/\/revita-clinic.eu\/wp-content\/uploads\/2026\/02\/20260112_hotelaleksander_2026_january_fullsize-61-1-300x200.jpg 300w, https:\/\/revita-clinic.eu\/wp-content\/uploads\/2026\/02\/20260112_hotelaleksander_2026_january_fullsize-61-1-768x512.jpg 768w, https:\/\/revita-clinic.eu\/wp-content\/uploads\/2026\/02\/20260112_hotelaleksander_2026_january_fullsize-61-1-1536x1024.jpg 1536w, https:\/\/revita-clinic.eu\/wp-content\/uploads\/2026\/02\/20260112_hotelaleksander_2026_january_fullsize-61-1-2048x1365.jpg 2048w, https:\/\/revita-clinic.eu\/wp-content\/uploads\/2026\/02\/20260112_hotelaleksander_2026_january_fullsize-61-1-1320x880.jpg 1320w\" sizes=\"(max-width: 1024px) 100vw, 1024px\" \/><\/div><\/div><\/figure><\/div><\/div><\/li><li class=\"kb-slide-item kb-gallery-slide-item splide__slide\"><div class=\"kadence-blocks-gallery-item\"><div class=\"kadence-blocks-gallery-item-inner\"><figure class=\"kb-gallery-figure kadence-blocks-gallery-item-hide-caption\"><div class=\"kb-gal-image-radius\"><div class=\"kb-gallery-image-contain kadence-blocks-gallery-intrinsic kb-gallery-image-ratio-land32 kb-has-image-ratio-land32\" ><img decoding=\"async\" src=\"https:\/\/revita-clinic.eu\/wp-content\/uploads\/2026\/02\/20260112_hotelaleksander_2026_january_fullsize-57-1024x683.jpg\" width=\"1024\" height=\"683\" alt=\"\" data-full-image=\"https:\/\/revita-clinic.eu\/wp-content\/uploads\/2026\/02\/20260112_hotelaleksander_2026_january_fullsize-57-scaled.jpg\" data-light-image=\"https:\/\/revita-clinic.eu\/wp-content\/uploads\/2026\/02\/20260112_hotelaleksander_2026_january_fullsize-57-scaled.jpg\" data-id=\"16624\" class=\"wp-image-16624 skip-lazy\" srcset=\"https:\/\/revita-clinic.eu\/wp-content\/uploads\/2026\/02\/20260112_hotelaleksander_2026_january_fullsize-57-1024x683.jpg 1024w, https:\/\/revita-clinic.eu\/wp-content\/uploads\/2026\/02\/20260112_hotelaleksander_2026_january_fullsize-57-300x200.jpg 300w, https:\/\/revita-clinic.eu\/wp-content\/uploads\/2026\/02\/20260112_hotelaleksander_2026_january_fullsize-57-768x512.jpg 768w, https:\/\/revita-clinic.eu\/wp-content\/uploads\/2026\/02\/20260112_hotelaleksander_2026_january_fullsize-57-1536x1024.jpg 1536w, https:\/\/revita-clinic.eu\/wp-content\/uploads\/2026\/02\/20260112_hotelaleksander_2026_january_fullsize-57-2048x1365.jpg 2048w, https:\/\/revita-clinic.eu\/wp-content\/uploads\/2026\/02\/20260112_hotelaleksander_2026_january_fullsize-57-1320x880.jpg 1320w\" sizes=\"(max-width: 1024px) 100vw, 1024px\" \/><\/div><\/div><\/figure><\/div><\/div><\/li><li class=\"kb-slide-item kb-gallery-slide-item splide__slide\"><div class=\"kadence-blocks-gallery-item\"><div class=\"kadence-blocks-gallery-item-inner\"><figure class=\"kb-gallery-figure kadence-blocks-gallery-item-hide-caption\"><div class=\"kb-gal-image-radius\"><div class=\"kb-gallery-image-contain kadence-blocks-gallery-intrinsic kb-gallery-image-ratio-land32 kb-has-image-ratio-land32\" ><img decoding=\"async\" src=\"https:\/\/revita-clinic.eu\/wp-content\/uploads\/2026\/02\/20251215_hotelaleksander_2025_december_fullsize-095-1-1024x683.jpg\" width=\"1024\" height=\"683\" alt=\"\" data-full-image=\"https:\/\/revita-clinic.eu\/wp-content\/uploads\/2026\/02\/20251215_hotelaleksander_2025_december_fullsize-095-1-scaled.jpg\" data-light-image=\"https:\/\/revita-clinic.eu\/wp-content\/uploads\/2026\/02\/20251215_hotelaleksander_2025_december_fullsize-095-1-scaled.jpg\" data-id=\"16618\" class=\"wp-image-16618 skip-lazy\" srcset=\"https:\/\/revita-clinic.eu\/wp-content\/uploads\/2026\/02\/20251215_hotelaleksander_2025_december_fullsize-095-1-1024x683.jpg 1024w, https:\/\/revita-clinic.eu\/wp-content\/uploads\/2026\/02\/20251215_hotelaleksander_2025_december_fullsize-095-1-300x200.jpg 300w, https:\/\/revita-clinic.eu\/wp-content\/uploads\/2026\/02\/20251215_hotelaleksander_2025_december_fullsize-095-1-768x512.jpg 768w, https:\/\/revita-clinic.eu\/wp-content\/uploads\/2026\/02\/20251215_hotelaleksander_2025_december_fullsize-095-1-1536x1024.jpg 1536w, https:\/\/revita-clinic.eu\/wp-content\/uploads\/2026\/02\/20251215_hotelaleksander_2025_december_fullsize-095-1-2048x1365.jpg 2048w, https:\/\/revita-clinic.eu\/wp-content\/uploads\/2026\/02\/20251215_hotelaleksander_2025_december_fullsize-095-1-1320x880.jpg 1320w\" sizes=\"(max-width: 1024px) 100vw, 1024px\" \/><\/div><\/div><\/figure><\/div><\/div><\/li><\/ul><\/div><\/div><\/div><\/div><\/div>\n<\/div>\n<\/div><\/div>\n\n\n\n<div class=\"wp-block-group alignfull second\"><div class=\"wp-block-group__inner-container is-layout-constrained wp-block-group-is-layout-constrained\">\n<div class=\"wp-block-columns is-layout-flex wp-container-core-columns-is-layout-9d6595d7 wp-block-columns-is-layout-flex\">\n<div class=\"wp-block-column is-layout-flow wp-block-column-is-layout-flow\"><\/div>\n\n\n\n<div class=\"wp-block-column quot is-layout-flow wp-block-column-is-layout-flow\" style=\"flex-basis:67%\"><style>.kb-image2938_438172-aa .kb-image-has-overlay:after{opacity:0.3;}.kb-image2938_438172-aa img.kb-img, .kb-image2938_438172-aa .kb-img img{-webkit-mask-image:url(https:\/\/revita-clinic.eu\/wp-content\/plugins\/kadence-blocks\/includes\/assets\/images\/masks\/circle.svg);mask-image:url(https:\/\/revita-clinic.eu\/wp-content\/plugins\/kadence-blocks\/includes\/assets\/images\/masks\/circle.svg);-webkit-mask-size:auto;mask-size:auto;-webkit-mask-repeat:no-repeat;mask-repeat:no-repeat;-webkit-mask-position:center;mask-position:center;}<\/style>\n<figure class=\"wp-block-kadence-image kb-image2938_438172-aa size-medium\"><img decoding=\"async\" width=\"300\" height=\"300\" src=\"https:\/\/revita-clinic.eu\/wp-content\/uploads\/2025\/05\/cus-300x300.jpg\" alt=\"\" class=\"kb-img wp-image-6570\" srcset=\"https:\/\/revita-clinic.eu\/wp-content\/uploads\/2025\/05\/cus-300x300.jpg 300w, https:\/\/revita-clinic.eu\/wp-content\/uploads\/2025\/05\/cus.jpg 450w\" sizes=\"(max-width: 300px) 100vw, 300px\" \/><figcaption>Chef<br>Vitaliy Baranov<\/figcaption><\/figure>\n\n\n\n<p>Unser Ansatz ist einfach, aber tiefgr\u00fcndig: Jede Zutat, jedes Gericht wird bewusst und mit Sorgfalt zubereitet. Die K\u00f6che des Restaurants arbeiten eng mit den medizinischen Experten der biologischen Langlebigkeitsklinik &#8222;Revita&#8220; zusammen, um ein Men\u00fc zu entwickeln, das auf jedes therapeutische Programm abgestimmt ist und die individuellen Bed\u00fcrfnisse des Patienten ber\u00fccksichtigt.<\/p>\n<\/div>\n\n\n\n<div class=\"wp-block-column is-layout-flow wp-block-column-is-layout-flow\"><\/div>\n<\/div>\n<\/div><\/div>\n\n\n\n<div class=\"wp-block-group alignfull\"><div class=\"wp-block-group__inner-container is-layout-constrained wp-block-group-is-layout-constrained\">\n<div class=\"wp-block-columns food is-layout-flex wp-container-core-columns-is-layout-9d6595d7 wp-block-columns-is-layout-flex\">\n<div class=\"wp-block-column is-layout-flow wp-block-column-is-layout-flow\">\n<p>Alle unsere Zutaten beziehen wir von gepr\u00fcften lokalen Bauern, was deren hohe Qualit\u00e4t und Frische garantiert. Wir glauben an die Kraft der Natur, daher wird jedes Produkt sorgf\u00e4ltig ausgew\u00e4hlt, um Ihr Wohlbefinden zu f\u00f6rdern.<\/p>\n\n\n\n<p>Die Hauptzutat ist Liebe, deshalb ist unsere gesunde Ern\u00e4hrung auch sehr lecker. Unsere K\u00f6che wissen, wie man gesunde Lebensmittel auf erstaunliche Weise kombiniert und jedes Gericht zu einem Meisterwerk macht, sowohl visuell als auch geschmacklich! Probieren Sie es einfach!<\/p>\n<\/div>\n\n\n\n<div class=\"wp-block-column is-layout-flow wp-block-column-is-layout-flow\"><\/div>\n\n\n\n<div class=\"wp-block-column is-layout-flow wp-block-column-is-layout-flow\">\n<p>Au\u00dferdem pflegen wir Mindful Eating, einen Ansatz f\u00fcr Ern\u00e4hrung, der auf Achtsamkeit und Aufmerksamkeit w\u00e4hrend der Mahlzeiten basiert. Es ist eine Art der Interaktion mit Lebensmitteln, die hilft, die eigenen physischen und emotionalen Bed\u00fcrfnisse besser zu erkennen und mehr Freude und Nutzen aus der Nahrung zu ziehen.<\/p>\n\n\n\n<p>Erfahren Sie mehr \u00fcber die Eigenschaften der verschiedenen Zutaten und wie sie speziell bei Ihrer Erkrankung helfen, damit Sie auch zu Hause eine gesunde Ern\u00e4hrung beibehalten und die Wirkung des therapeutischen Programms verl\u00e4ngern k\u00f6nnen.<\/p>\n<\/div>\n<\/div>\n\n\n\n<div class=\"wp-block-columns sous is-layout-flex wp-container-core-columns-is-layout-9d6595d7 wp-block-columns-is-layout-flex\">\n<div class=\"wp-block-column is-layout-flow wp-block-column-is-layout-flow\"><style>.kb-image2938_b46a9b-31 .kb-image-has-overlay:after{opacity:0.3;}<\/style>\n<figure class=\"wp-block-kadence-image kb-image2938_b46a9b-31 size-full\"><img decoding=\"async\" width=\"617\" height=\"415\" src=\"https:\/\/revita-clinic.eu\/wp-content\/uploads\/2024\/12\/r2.jpg\" alt=\"\" class=\"kb-img wp-image-2233\" srcset=\"https:\/\/revita-clinic.eu\/wp-content\/uploads\/2024\/12\/r2.jpg 617w, https:\/\/revita-clinic.eu\/wp-content\/uploads\/2024\/12\/r2-300x202.jpg 300w\" sizes=\"(max-width: 617px) 100vw, 617px\" \/><\/figure>\n<\/div>\n\n\n\n<div class=\"wp-block-column is-vertically-aligned-center is-layout-flow wp-block-column-is-layout-flow\">\n<p class=\"sous\">Die meisten Gerichte unseres Restaurants werden mit der&nbsp;<strong>Sous-Vide<\/strong>-Methode zubereitet. Diese Methode besteht darin, dass die Lebensmittel in speziellen Vakuumbeuteln bei niedrigen und sorgf\u00e4ltig kontrollierten Temperaturen gekocht werden. Dieser Prozess kann von einigen Stunden bis hin zu mehreren Tagen dauern.<\/p>\n\n\n\n<p>Dank niedriger Temperaturen (normalerweise im Bereich von 50\u201390\u00b0C) und dem Fehlen von Kontakt mit Luft bleiben Vitamine, Mineralstoffe und andere N\u00e4hrstoffe erhalten, die bei herk\u00f6mmlicher Zubereitung zerst\u00f6rt werden. Das Vakuum verhilft dazu, nat\u00fcrliche S\u00e4fte und Aromen zu bewahren, sodass sie nicht verdampfen. Dies macht den Geschmack des Gerichts intensiver. Diese Methode erm\u00f6glicht es, mit minimalem Zusatz von \u00d6l oder Salz zu kochen, w\u00e4hrend der nat\u00fcrliche Geschmack der Zutaten erhalten bleibt.<\/p>\n\n\n\n<p>Deshalb ist das Essen in unserem Restaurant so lecker und gesund!<\/p>\n<\/div>\n<\/div>\n<\/div><\/div>\n","protected":false},"excerpt":{"rendered":"<p>Das einzige Mindful Eating Restaurant in Slowenien Ein Schl\u00fcsselfaktor f\u00fcr den Erfolg jedes therapeutischen Programms&hellip;<\/p>\n","protected":false},"author":1,"featured_media":9452,"parent":0,"menu_order":0,"comment_status":"closed","ping_status":"closed","template":"","meta":{"_acf_changed":false,"footnotes":""},"class_list":["post-2938","page","type-page","status-publish","has-post-thumbnail","hentry"],"acf":[],"_links":{"self":[{"href":"https:\/\/revita-clinic.eu\/de\/wp-json\/wp\/v2\/pages\/2938","targetHints":{"allow":["GET"]}}],"collection":[{"href":"https:\/\/revita-clinic.eu\/de\/wp-json\/wp\/v2\/pages"}],"about":[{"href":"https:\/\/revita-clinic.eu\/de\/wp-json\/wp\/v2\/types\/page"}],"author":[{"embeddable":true,"href":"https:\/\/revita-clinic.eu\/de\/wp-json\/wp\/v2\/users\/1"}],"replies":[{"embeddable":true,"href":"https:\/\/revita-clinic.eu\/de\/wp-json\/wp\/v2\/comments?post=2938"}],"version-history":[{"count":1,"href":"https:\/\/revita-clinic.eu\/de\/wp-json\/wp\/v2\/pages\/2938\/revisions"}],"predecessor-version":[{"id":16659,"href":"https:\/\/revita-clinic.eu\/de\/wp-json\/wp\/v2\/pages\/2938\/revisions\/16659"}],"wp:featuredmedia":[{"embeddable":true,"href":"https:\/\/revita-clinic.eu\/de\/wp-json\/wp\/v2\/media\/9452"}],"wp:attachment":[{"href":"https:\/\/revita-clinic.eu\/de\/wp-json\/wp\/v2\/media?parent=2938"}],"curies":[{"name":"wp","href":"https:\/\/api.w.org\/{rel}","templated":true}]}}