{"id":3073,"date":"2024-10-03T19:14:33","date_gmt":"2024-10-03T17:14:33","guid":{"rendered":"https:\/\/revita-clinic.eu\/contacts\/"},"modified":"2026-03-21T12:28:22","modified_gmt":"2026-03-21T10:28:22","slug":"contacts","status":"publish","type":"page","link":"https:\/\/revita-clinic.eu\/de\/contacts\/","title":{"rendered":"Kontakte"},"content":{"rendered":"\n<div class=\"wp-block-group\"><div class=\"wp-block-group__inner-container is-layout-constrained wp-block-group-is-layout-constrained\">\n<h3 class=\"wp-block-heading has-text-align-center section-title mt-0\">Haben Sie Fragen oder ben\u00f6tigen Sie Hilfe? Kontaktieren Sie uns auf die f\u00fcr Sie bequemste Weise.<\/h3>\n\n\n\n<div class=\"wp-block-columns is-layout-flex wp-container-core-columns-is-layout-9d6595d7 wp-block-columns-is-layout-flex\">\n<div class=\"wp-block-column is-vertically-aligned-stretch contact_info has-background is-layout-flow wp-block-column-is-layout-flow\" style=\"background-color:#f6fafe;flex-basis:33%\">\n<h6 class=\"wp-block-heading\">Danke f\u00fcr Ihr Interesse. Rufen Sie uns an oder schreiben Sie uns, und wir werden uns so schnell wie m\u00f6glich bei Ihnen melden!<\/h6>\n\n\n<style>.wp-block-kadence-iconlist.kt-svg-icon-list-items3073_00c9a5-18:not(.this-stops-third-party-issues){margin-top:0px;margin-bottom:0px;}.wp-block-kadence-iconlist.kt-svg-icon-list-items3073_00c9a5-18 ul.kt-svg-icon-list:not(.this-prevents-issues):not(.this-stops-third-party-issues):not(.tijsloc){margin-top:0px;margin-right:0px;margin-bottom:var(--global-kb-spacing-sm, 1.5rem);margin-left:0px;}.wp-block-kadence-iconlist.kt-svg-icon-list-items3073_00c9a5-18 ul.kt-svg-icon-list{grid-row-gap:5px;}.wp-block-kadence-iconlist.kt-svg-icon-list-items3073_00c9a5-18 ul.kt-svg-icon-list .kt-svg-icon-list-item-wrap .kt-svg-icon-list-single{margin-right:10px;}.kt-svg-icon-list-items3073_00c9a5-18 ul.kt-svg-icon-list .kt-svg-icon-list-level-0 .kt-svg-icon-list-single svg{font-size:20px;}<\/style>\n<div class=\"wp-block-kadence-iconlist kt-svg-icon-list-items kt-svg-icon-list-items3073_00c9a5-18 kt-svg-icon-list-columns-1 alignnone\"><ul class=\"kt-svg-icon-list\"><style>.kt-svg-icon-list-item-3073_f249d8-4c .kt-svg-icon-list-single{font-size:19px !important;color:#036eb6 !important;}.kt-svg-icon-list-item-3073_f249d8-4c .kt-svg-icon-list-text mark.kt-highlight{background-color:unset;font-style:normal;color:#f76a0c;-webkit-box-decoration-break:clone;box-decoration-break:clone;padding-top:0px;padding-right:0px;padding-bottom:0px;padding-left:0px;}<\/style>\n<li class=\"wp-block-kadence-listitem kt-svg-icon-list-item-wrap kt-svg-icon-list-item-3073_f249d8-4c\"><span class=\"kb-svg-icon-wrap kb-svg-icon-fe_phoneCall kt-svg-icon-list-single\"><svg viewBox=\"0 0 24 24\"  fill=\"none\" stroke=\"currentColor\" stroke-width=\"2\" stroke-linecap=\"round\" stroke-linejoin=\"round\" xmlns=\"http:\/\/www.w3.org\/2000\/svg\"  aria-hidden=\"true\"><path d=\"M15.05 5A5 5 0 0 1 19 8.95M15.05 1A9 9 0 0 1 23 8.94m-1 7.98v3a2 2 0 0 1-2.18 2 19.79 19.79 0 0 1-8.63-3.07 19.5 19.5 0 0 1-6-6 19.79 19.79 0 0 1-3.07-8.67A2 2 0 0 1 4.11 2h3a2 2 0 0 1 2 1.72 12.84 12.84 0 0 0 .7 2.81 2 2 0 0 1-.45 2.11L8.09 9.91a16 16 0 0 0 6 6l1.27-1.27a2 2 0 0 1 2.11-.45 12.84 12.84 0 0 0 2.81.7A2 2 0 0 1 22 16.92z\"\/><\/svg><\/span><span class=\"kt-svg-icon-list-text\">+386 1600 85 53<\/span><\/li>\n\n\n<style>.kt-svg-icon-list-item-3073_87f859-36 .kt-svg-icon-list-single{font-size:19px !important;color:#036eb6 !important;}.kt-svg-icon-list-item-3073_87f859-36 .kt-svg-icon-list-text mark.kt-highlight{background-color:unset;font-style:normal;color:#f76a0c;-webkit-box-decoration-break:clone;box-decoration-break:clone;padding-top:0px;padding-right:0px;padding-bottom:0px;padding-left:0px;}<\/style>\n<li class=\"wp-block-kadence-listitem kt-svg-icon-list-item-wrap kt-svg-icon-list-item-3073_87f859-36\"><span class=\"kb-svg-icon-wrap kb-svg-icon-fe_mail kt-svg-icon-list-single\"><svg viewBox=\"0 0 24 24\"  fill=\"none\" stroke=\"currentColor\" stroke-width=\"2\" stroke-linecap=\"round\" stroke-linejoin=\"round\" xmlns=\"http:\/\/www.w3.org\/2000\/svg\"  aria-hidden=\"true\"><path d=\"M4 4h16c1.1 0 2 .9 2 2v12c0 1.1-.9 2-2 2H4c-1.1 0-2-.9-2-2V6c0-1.1.9-2 2-2z\"\/><polyline points=\"22,6 12,13 2,6\"\/><\/svg><\/span><span class=\"kt-svg-icon-list-text\">wellness-consultant1@revita-clinic.eu<br>wellness-consultant2@revita-clinic.eu<\/span><\/li>\n\n\n<style>.kt-svg-icon-list-item-3073_cf84ee-ff .kt-svg-icon-list-single{font-size:19px !important;color:#036eb6 !important;}.kt-svg-icon-list-item-3073_cf84ee-ff .kt-svg-icon-list-text mark.kt-highlight{background-color:unset;font-style:normal;color:#f76a0c;-webkit-box-decoration-break:clone;box-decoration-break:clone;padding-top:0px;padding-right:0px;padding-bottom:0px;padding-left:0px;}<\/style>\n<li class=\"wp-block-kadence-listitem kt-svg-icon-list-item-wrap kt-svg-icon-list-item-3073_cf84ee-ff\"><span class=\"kb-svg-icon-wrap kb-svg-icon-fe_mapPin kt-svg-icon-list-single\"><svg viewBox=\"0 0 24 24\"  fill=\"none\" stroke=\"currentColor\" stroke-width=\"2\" stroke-linecap=\"round\" stroke-linejoin=\"round\" xmlns=\"http:\/\/www.w3.org\/2000\/svg\"  aria-hidden=\"true\"><path d=\"M21 10c0 7-9 13-9 13s-9-6-9-13a9 9 0 0 1 18 0z\"\/><circle cx=\"12\" cy=\"10\" r=\"3\"\/><\/svg><\/span><span class=\"kt-svg-icon-list-text\">Zdravili\u0161ki trg 3, Roga\u0161ka Slatina,<br>3250 Slovenia<\/span><\/li>\n\n\n<style>.kt-svg-icon-list-item-3073_907369-b6 .kt-svg-icon-list-single{font-size:19px !important;color:#036eb6 !important;}.kt-svg-icon-list-item-3073_907369-b6 .kt-svg-icon-list-text mark.kt-highlight{background-color:unset;font-style:normal;color:#f76a0c;-webkit-box-decoration-break:clone;box-decoration-break:clone;padding-top:0px;padding-right:0px;padding-bottom:0px;padding-left:0px;}<\/style>\n<li class=\"wp-block-kadence-listitem kt-svg-icon-list-item-wrap kt-svg-icon-list-item-3073_907369-b6\"><span class=\"kb-svg-icon-wrap kb-svg-icon-fe_award kt-svg-icon-list-single\"><svg viewBox=\"0 0 24 24\"  fill=\"none\" stroke=\"currentColor\" stroke-width=\"2\" stroke-linecap=\"round\" stroke-linejoin=\"round\" xmlns=\"http:\/\/www.w3.org\/2000\/svg\"  aria-hidden=\"true\"><circle cx=\"12\" cy=\"8\" r=\"7\"\/><polyline points=\"8.21 13.89 7 23 12 20 17 23 15.79 13.88\"\/><\/svg><\/span><span class=\"kt-svg-icon-list-text\">REVITA clinic d.o.o. VAT: SI 57086249<br>OTP Banka D.D., Slovenska cesta 58, Ljubljana<br>SI56 0400 1004 8965 977<br>SWIFT: KBMASI2X<\/span><\/li>\n\n\n<style>.kt-svg-icon-list-item-3073_a16676-48 .kt-svg-icon-list-single{font-size:19px !important;color:#036eb6 !important;}.kt-svg-icon-list-item-3073_a16676-48 .kt-svg-icon-list-text mark.kt-highlight{background-color:unset;font-style:normal;color:#f76a0c;-webkit-box-decoration-break:clone;box-decoration-break:clone;padding-top:0px;padding-right:0px;padding-bottom:0px;padding-left:0px;}<\/style>\n<li class=\"wp-block-kadence-listitem kt-svg-icon-list-item-wrap kt-svg-icon-list-item-3073_a16676-48\"><span class=\"kb-svg-icon-wrap kb-svg-icon-fe_award kt-svg-icon-list-single\"><svg viewBox=\"0 0 24 24\"  fill=\"none\" stroke=\"currentColor\" stroke-width=\"2\" stroke-linecap=\"round\" stroke-linejoin=\"round\" xmlns=\"http:\/\/www.w3.org\/2000\/svg\"  aria-hidden=\"true\"><circle cx=\"12\" cy=\"8\" r=\"7\"\/><polyline points=\"8.21 13.89 7 23 12 20 17 23 15.79 13.88\"\/><\/svg><\/span><span class=\"kt-svg-icon-list-text\"><a href=\"https:\/\/revita-clinic.eu\/wp-content\/uploads\/2026\/03\/revita_bussines_register.pdf\" target=\"_blank\" rel=\"noreferrer noopener\">Medizinische und Hoteldienstleistungen, erbracht von REVITA clinic d.o.o.<\/a><\/span><\/li>\n\n\n<style>.kt-svg-icon-list-item-3073_4bddd2-c8 .kt-svg-icon-list-single{font-size:19px !important;color:#036eb6 !important;}.kt-svg-icon-list-item-3073_4bddd2-c8 .kt-svg-icon-list-text mark.kt-highlight{background-color:unset;font-style:normal;color:#f76a0c;-webkit-box-decoration-break:clone;box-decoration-break:clone;padding-top:0px;padding-right:0px;padding-bottom:0px;padding-left:0px;}<\/style>\n<li class=\"wp-block-kadence-listitem kt-svg-icon-list-item-wrap kt-svg-icon-list-item-3073_4bddd2-c8\"><span class=\"kb-svg-icon-wrap kb-svg-icon-fe_folderPlus kt-svg-icon-list-single\"><svg viewBox=\"0 0 24 24\"  fill=\"none\" stroke=\"currentColor\" stroke-width=\"2\" stroke-linecap=\"round\" stroke-linejoin=\"round\" xmlns=\"http:\/\/www.w3.org\/2000\/svg\"  aria-hidden=\"true\"><path d=\"M22 19a2 2 0 0 1-2 2H4a2 2 0 0 1-2-2V5a2 2 0 0 1 2-2h5l2 3h9a2 2 0 0 1 2 2z\"\/><line x1=\"12\" y1=\"11\" x2=\"12\" y2=\"17\"\/><line x1=\"9\" y1=\"14\" x2=\"15\" y2=\"14\"\/><\/svg><\/span><span class=\"kt-svg-icon-list-text\">Genehmigungen f\u00fcr die Aus\u00fcbung medizinischer T\u00e4tigkeit:<br><a href=\"https:\/\/revita-clinic.eu\/wp-content\/uploads\/2026\/03\/revita_3.pdf\" target=\"_blank\" rel=\"noreferrer noopener\">\u2116 0142-203\/2026-2711-2 \/11.03.2026\/<\/a>,<br><a href=\"https:\/\/revita-clinic.eu\/wp-content\/uploads\/2026\/03\/revita_1.pdf\" target=\"_blank\" rel=\"noreferrer noopener\">\u2116 0142-86\/2017\/3 \/18.05.2017\/<\/a>,<br><a href=\"https:\/\/revita-clinic.eu\/wp-content\/uploads\/2026\/03\/revita_2.pdf\" target=\"_blank\" rel=\"noreferrer noopener\">\u2116 0142-86\/2017\/9 \/9.07.2018\/<\/a><\/span><\/li>\n<\/ul><\/div>\n<\/div>\n\n\n\n<div class=\"wp-block-column is-layout-flow wp-block-column-is-layout-flow\" style=\"flex-basis:67%\"><style>.kb-google-maps-container3073_edd32c-3c{height:675px;}.kb-google-maps-container3073_edd32c-3c{filter:saturate(58%);}<\/style><div class=\"kb-google-maps-container kb-google-maps-container3073_edd32c-3c  wp-block-kadence-googlemaps\" data-mapid=\"3073_edd32c3c\"><iframe width=\"100%\" height=\"100%\"\n\t\t\t\t\t\t\tstyle=\"border:0\" loading=\"lazy\"\n\t\t\t\t\t\t\tsrc=\"https:\/\/www.google.com\/maps\/embed\/v1\/place?key=AIzaSyBAM2o7PiQqwk15LC1XRH2e_KJ-jUa7KYk&#038;zoom=15&#038;maptype=roadmap&#038;q=Hotel+Aleksander+Medical+%26+SPA\"\n\t\t\t\t\t\t\ttitle=\"Google-Karte f\u00fcr Hotel Aleksander Medical &amp; SPA\"><\/iframe><\/div><script>function kb_google_map3073_edd32c3c() { let center = { lat: 37.8201, lng: -122.4781}; let map = new google.maps.Map(document.getElementById(\"kb-google-map3073_edd32c3c\"), {\n\t\t\t\t\t    zoom: 15,\n\t\t\t\t\t    center: center,});let marker = new google.maps.Marker({   position: { lat: 37.8201, lng: -122.4781},    map: map,  });}<\/script><\/div>\n<\/div>\n\n\n\n<div class=\"wp-block-columns is-layout-flex wp-container-core-columns-is-layout-9d6595d7 wp-block-columns-is-layout-flex\">\n<div class=\"wp-block-column is-layout-flow wp-block-column-is-layout-flow\" style=\"flex-basis:50%\">\n<h6 class=\"wp-block-heading\">Entfernung zu unserer Klinik von den n\u00e4chsten Flugh\u00e4fen<\/h6>\n\n\n<style>.kb-image3073_af519e-8f .kb-image-has-overlay:after{opacity:0.3;}<\/style>\n<figure class=\"wp-block-kadence-image kb-image3073_af519e-8f size-full\"><img decoding=\"async\" width=\"900\" height=\"599\" src=\"https:\/\/revita-clinic.eu\/wp-content\/uploads\/2024\/12\/map-1.jpg\" alt=\"\" class=\"kb-img wp-image-2002\" srcset=\"https:\/\/revita-clinic.eu\/wp-content\/uploads\/2024\/12\/map-1.jpg 900w, https:\/\/revita-clinic.eu\/wp-content\/uploads\/2024\/12\/map-1-300x200.jpg 300w, https:\/\/revita-clinic.eu\/wp-content\/uploads\/2024\/12\/map-1-768x511.jpg 768w\" sizes=\"(max-width: 900px) 100vw, 900px\" \/><\/figure>\n<\/div>\n\n\n\n<div class=\"wp-block-column is-vertically-aligned-stretch contact_info contact_forma has-background is-layout-flow wp-block-column-is-layout-flow\" style=\"background-color:#f6fafe;flex-basis:50%\">\n<div class=\"wp-block-contact-form-7-contact-form-selector\">\n<div class=\"wpcf7 no-js\" id=\"wpcf7-f3070-o1\" lang=\"en-US\" dir=\"ltr\" data-wpcf7-id=\"3070\">\n<div class=\"screen-reader-response\"><p role=\"status\" aria-live=\"polite\" aria-atomic=\"true\"><\/p> <ul><\/ul><\/div>\n<form action=\"\/de\/wp-json\/wp\/v2\/pages\/3073#wpcf7-f3070-o1\" method=\"post\" class=\"wpcf7-form init\" aria-label=\"Contact form\" novalidate=\"novalidate\" data-status=\"init\">\n<fieldset class=\"hidden-fields-container\"><input type=\"hidden\" name=\"_wpcf7\" value=\"3070\" \/><input type=\"hidden\" name=\"_wpcf7_version\" value=\"6.1.5\" \/><input type=\"hidden\" name=\"_wpcf7_locale\" value=\"en_US\" \/><input type=\"hidden\" name=\"_wpcf7_unit_tag\" value=\"wpcf7-f3070-o1\" \/><input type=\"hidden\" name=\"_wpcf7_container_post\" value=\"0\" \/><input type=\"hidden\" name=\"_wpcf7_posted_data_hash\" value=\"\" \/>\n<\/fieldset>\n<h5>Hinterlassen Sie eine Anfrage f\u00fcr einen R\u00fcckruf<\/h5>\n<span class=\"wpcf7-form-control-wrap\" data-name=\"your-name\"><input size=\"40\" maxlength=\"400\" class=\"wpcf7-form-control wpcf7-text wpcf7-validates-as-required\" autocomplete=\"name\" aria-required=\"true\" aria-invalid=\"false\" placeholder=\"Ihr Name\" value=\"\" type=\"text\" name=\"your-name\" \/><\/span>\n\n<div class=\"contact_split\"><span class=\"wpcf7-form-control-wrap\" data-name=\"your-email\"><input size=\"40\" maxlength=\"400\" class=\"wpcf7-form-control wpcf7-email wpcf7-validates-as-required wpcf7-text wpcf7-validates-as-email\" autocomplete=\"email\" aria-required=\"true\" aria-invalid=\"false\" placeholder=\"Ihre E-Mail\" value=\"\" type=\"email\" name=\"your-email\" \/><\/span><span class=\"wpcf7-form-control-wrap\" data-name=\"tel-875\"><input size=\"40\" class=\"wpcf7-form-control wpcf7-phonetext wpcf7-validates-as-required wpcf7-text wpcf7-validates-as-phonetext\" aria-required=\"true\" aria-invalid=\"false\" value=\"\" type=\"text\" name=\"tel-875\" \/><input type=\"hidden\" name=\"tel-875-country-code\" class=\"wpcf7-phonetext-country-code\" \/><\/span><\/div>\n<span class=\"wpcf7-form-control-wrap\" data-name=\"textarea-53\"><textarea cols=\"40\" rows=\"10\" maxlength=\"2000\" class=\"wpcf7-form-control wpcf7-textarea\" aria-invalid=\"false\" placeholder=\"Nachricht\" name=\"textarea-53\"><\/textarea><\/span>\n<span id=\"wpcf7-69d28dd16a82f-wrapper\" class=\"wpcf7-form-control-wrap city-595-wrap\" style=\"display:none !important; visibility:hidden !important;\"><label for=\"wpcf7-69d28dd16a82f-field\" class=\"hp-message\">Please leave this field empty.<\/label><input id=\"wpcf7-69d28dd16a82f-field\"  placeholder=\"City\"  class=\"wpcf7-form-control wpcf7-text\" type=\"text\" name=\"city-595\" value=\"\" size=\"40\" tabindex=\"-1\" autocomplete=\"new-password\" \/><\/span>\n<span class=\"wpcf7-form-control-wrap\" data-name=\"privacy-policy\"><span class=\"wpcf7-form-control wpcf7-acceptance\"><span class=\"wpcf7-list-item\"><label><input type=\"checkbox\" name=\"privacy-policy\" value=\"1\" aria-invalid=\"false\" \/><span class=\"wpcf7-list-item-label\">Ich stimme der <a href=\"https:\/\/revita-clinic.eu\/privacy-policy\/\" target=\"_blank\">Datenschutzrichtlinie und dem Schutz personenbezogener Daten<\/a> sowie der <a href=\"https:\/\/revita-clinic.eu\/cookie-policy\/\" target=\"_blank\">Cookie-Richtlinie<\/a> zu.<\/span><\/label><\/span><\/span><\/span>  \n<span class=\"wpcf7-form-control-wrap\" data-name=\"opt-in\"><span class=\"wpcf7-form-control wpcf7-checkbox\"><span class=\"wpcf7-list-item first last\"><input type=\"checkbox\" name=\"opt-in[]\" value=\"Ich m\u00f6chte Sonderangebote und Neuigkeiten erhalten\" \/><span class=\"wpcf7-list-item-label\">Ich m\u00f6chte Sonderangebote und Neuigkeiten erhalten<\/span><\/span><\/span><\/span>\n\n\n<input class=\"wpcf7-form-control wpcf7-submit has-spinner\" type=\"submit\" value=\"Absenden\" \/><div class=\"wpcf7-response-output\" aria-hidden=\"true\"><\/div>\n<\/form>\n<\/div>\n<\/div>\n<\/div>\n<\/div>\n\n\n\n<h6 class=\"wp-block-heading has-text-align-center contact_note\"><strong>F\u00fcr alle G\u00e4ste der Klinik bieten wir einen komfortablen Transfer mit einem Fahrer an.<\/strong><\/h6>\n\n\n<style>.wp-block-kadence-advancedgallery.kb-gallery-wrap-id-3073_d6304b-db{overflow:hidden;}.kb-gallery-type-carousel.kb-gallery-id-3073_d6304b-db .kt-blocks-carousel .kt-blocks-carousel-init:not( .splide-initialized ){margin-left:-5px;margin-right:-5px;}.kb-gallery-type-carousel.kb-gallery-id-3073_d6304b-db .kt-blocks-carousel .kt-blocks-carousel-init:not( .splide-initialized ) .kb-slide-item{padding-left:5px;padding-right:5px;}.kb-gallery-id-3073_d6304b-db .kadence-blocks-gallery-item .kb-gal-image-radius, .kb-gallery-id-3073_d6304b-db .kb-slide-item .kb-gal-image-radius img{border-radius:0px 0px 0px 0px;;}.kb-gallery-wrap-id-3073_d6304b-db.wp-block-kadence-advancedgallery{overflow:visible;}.kb-gallery-wrap-id-3073_d6304b-db.wp-block-kadence-advancedgallery .kt-blocks-carousel{overflow:visible;}<\/style><div class=\"kb-gallery-wrap-id-3073_d6304b-db alignnone wp-block-kadence-advancedgallery\"><div class=\"kb-gallery-ul kb-gallery-non-static kb-gallery-type-carousel kb-gallery-id-3073_d6304b-db kb-gallery-caption-style-bottom-hover kb-gallery-filter-none\" data-image-filter=\"none\" data-lightbox-caption=\"true\"><div class=\"kt-blocks-carousel kt-carousel-container-dotstyle-none\"><div class=\"kt-blocks-carousel-init kb-gallery-carousel kt-carousel-arrowstyle-outlinewhite kt-carousel-dotstyle-none kb-slider-group-arrow kb-slider-arrow-position-center\" data-columns-xxl=\"3\" data-columns-xl=\"3\" data-columns-md=\"3\" data-columns-sm=\"2\" data-columns-xs=\"1\" data-columns-ss=\"1\" data-slider-anim-speed=\"400\" data-slider-scroll=\"1\" data-slider-arrows=\"true\" data-slider-dots=\"false\" data-slider-hover-pause=\"false\" data-slider-auto=\"\" data-slider-speed=\"7000\" data-slider-gap=\"10px\" data-slider-gap-tablet=\"10px\" data-slider-gap-mobile=\"10px\" data-show-pause-button=\"false\" aria-label=\"Photo Gallery Carousel\"><li class=\"kb-slide-item kb-gallery-carousel-item\"><div class=\"kadence-blocks-gallery-item\"><div class=\"kadence-blocks-gallery-item-inner\"><figure class=\"kb-gallery-figure kadence-blocks-gallery-item-hide-caption\"><div class=\"kb-gal-image-radius\"><div class=\"kb-gallery-image-contain kadence-blocks-gallery-intrinsic kb-gallery-image-ratio-land32 kb-has-image-ratio-land32\" ><img decoding=\"async\" src=\"https:\/\/revita-clinic.eu\/wp-content\/uploads\/2024\/10\/c_4.jpg\" width=\"803\" height=\"540\" alt=\"\" data-full-image=\"https:\/\/revita-clinic.eu\/wp-content\/uploads\/2024\/10\/c_4.jpg\" data-light-image=\"https:\/\/revita-clinic.eu\/wp-content\/uploads\/2024\/10\/c_4.jpg\" data-id=\"348\" class=\"wp-image-348 skip-lazy\" srcset=\"https:\/\/revita-clinic.eu\/wp-content\/uploads\/2024\/10\/c_4.jpg 803w, https:\/\/revita-clinic.eu\/wp-content\/uploads\/2024\/10\/c_4-300x202.jpg 300w, https:\/\/revita-clinic.eu\/wp-content\/uploads\/2024\/10\/c_4-768x516.jpg 768w\" sizes=\"(max-width: 803px) 100vw, 803px\" \/><\/div><\/div><\/figure><\/div><\/div><\/li><li class=\"kb-slide-item kb-gallery-carousel-item\"><div class=\"kadence-blocks-gallery-item\"><div class=\"kadence-blocks-gallery-item-inner\"><figure class=\"kb-gallery-figure kadence-blocks-gallery-item-hide-caption\"><div class=\"kb-gal-image-radius\"><div class=\"kb-gallery-image-contain kadence-blocks-gallery-intrinsic kb-gallery-image-ratio-land32 kb-has-image-ratio-land32\" ><img decoding=\"async\" src=\"https:\/\/revita-clinic.eu\/wp-content\/uploads\/2024\/10\/c_3.jpg\" width=\"803\" height=\"540\" alt=\"\" data-full-image=\"https:\/\/revita-clinic.eu\/wp-content\/uploads\/2024\/10\/c_3.jpg\" data-light-image=\"https:\/\/revita-clinic.eu\/wp-content\/uploads\/2024\/10\/c_3.jpg\" data-id=\"342\" class=\"wp-image-342 skip-lazy\" srcset=\"https:\/\/revita-clinic.eu\/wp-content\/uploads\/2024\/10\/c_3.jpg 803w, https:\/\/revita-clinic.eu\/wp-content\/uploads\/2024\/10\/c_3-300x202.jpg 300w, https:\/\/revita-clinic.eu\/wp-content\/uploads\/2024\/10\/c_3-768x516.jpg 768w\" sizes=\"(max-width: 803px) 100vw, 803px\" \/><\/div><\/div><\/figure><\/div><\/div><\/li><li class=\"kb-slide-item kb-gallery-carousel-item\"><div class=\"kadence-blocks-gallery-item\"><div class=\"kadence-blocks-gallery-item-inner\"><figure class=\"kb-gallery-figure kadence-blocks-gallery-item-hide-caption\"><div class=\"kb-gal-image-radius\"><div class=\"kb-gallery-image-contain kadence-blocks-gallery-intrinsic kb-gallery-image-ratio-land32 kb-has-image-ratio-land32\" ><img decoding=\"async\" src=\"https:\/\/revita-clinic.eu\/wp-content\/uploads\/2024\/10\/c_1.jpg\" width=\"803\" height=\"540\" alt=\"\" data-full-image=\"https:\/\/revita-clinic.eu\/wp-content\/uploads\/2024\/10\/c_1.jpg\" data-light-image=\"https:\/\/revita-clinic.eu\/wp-content\/uploads\/2024\/10\/c_1.jpg\" data-id=\"354\" class=\"wp-image-354 skip-lazy\" srcset=\"https:\/\/revita-clinic.eu\/wp-content\/uploads\/2024\/10\/c_1.jpg 803w, https:\/\/revita-clinic.eu\/wp-content\/uploads\/2024\/10\/c_1-300x202.jpg 300w, https:\/\/revita-clinic.eu\/wp-content\/uploads\/2024\/10\/c_1-768x516.jpg 768w\" sizes=\"(max-width: 803px) 100vw, 803px\" \/><\/div><\/div><\/figure><\/div><\/div><\/li><li class=\"kb-slide-item kb-gallery-carousel-item\"><div class=\"kadence-blocks-gallery-item\"><div class=\"kadence-blocks-gallery-item-inner\"><figure class=\"kb-gallery-figure kadence-blocks-gallery-item-hide-caption\"><div class=\"kb-gal-image-radius\"><div class=\"kb-gallery-image-contain kadence-blocks-gallery-intrinsic kb-gallery-image-ratio-land32 kb-has-image-ratio-land32\" ><img decoding=\"async\" src=\"https:\/\/revita-clinic.eu\/wp-content\/uploads\/2024\/10\/c_5.jpg\" width=\"803\" height=\"540\" alt=\"\" data-full-image=\"https:\/\/revita-clinic.eu\/wp-content\/uploads\/2024\/10\/c_5.jpg\" data-light-image=\"https:\/\/revita-clinic.eu\/wp-content\/uploads\/2024\/10\/c_5.jpg\" data-id=\"351\" class=\"wp-image-351 skip-lazy\" srcset=\"https:\/\/revita-clinic.eu\/wp-content\/uploads\/2024\/10\/c_5.jpg 803w, https:\/\/revita-clinic.eu\/wp-content\/uploads\/2024\/10\/c_5-300x202.jpg 300w, https:\/\/revita-clinic.eu\/wp-content\/uploads\/2024\/10\/c_5-768x516.jpg 768w\" sizes=\"(max-width: 803px) 100vw, 803px\" \/><\/div><\/div><\/figure><\/div><\/div><\/li><\/div><\/div><\/div><\/div><\/div><\/div>\n","protected":false},"excerpt":{"rendered":"<p>Haben Sie Fragen oder ben\u00f6tigen Sie Hilfe? Kontaktieren Sie uns auf die f\u00fcr Sie bequemste&hellip;<\/p>\n","protected":false},"author":1,"featured_media":0,"parent":0,"menu_order":0,"comment_status":"closed","ping_status":"closed","template":"","meta":{"_acf_changed":false,"footnotes":""},"class_list":["post-3073","page","type-page","status-publish","hentry"],"acf":[],"_links":{"self":[{"href":"https:\/\/revita-clinic.eu\/de\/wp-json\/wp\/v2\/pages\/3073","targetHints":{"allow":["GET"]}}],"collection":[{"href":"https:\/\/revita-clinic.eu\/de\/wp-json\/wp\/v2\/pages"}],"about":[{"href":"https:\/\/revita-clinic.eu\/de\/wp-json\/wp\/v2\/types\/page"}],"author":[{"embeddable":true,"href":"https:\/\/revita-clinic.eu\/de\/wp-json\/wp\/v2\/users\/1"}],"replies":[{"embeddable":true,"href":"https:\/\/revita-clinic.eu\/de\/wp-json\/wp\/v2\/comments?post=3073"}],"version-history":[{"count":7,"href":"https:\/\/revita-clinic.eu\/de\/wp-json\/wp\/v2\/pages\/3073\/revisions"}],"predecessor-version":[{"id":17831,"href":"https:\/\/revita-clinic.eu\/de\/wp-json\/wp\/v2\/pages\/3073\/revisions\/17831"}],"wp:attachment":[{"href":"https:\/\/revita-clinic.eu\/de\/wp-json\/wp\/v2\/media?parent=3073"}],"curies":[{"name":"wp","href":"https:\/\/api.w.org\/{rel}","templated":true}]}}