{"id":7244,"date":"2025-06-12T11:19:42","date_gmt":"2025-06-12T09:19:42","guid":{"rendered":"https:\/\/revita-clinic.eu\/voda-donat\/"},"modified":"2025-06-12T12:47:59","modified_gmt":"2025-06-12T12:47:59","slug":"voda-donat","status":"publish","type":"page","link":"https:\/\/revita-clinic.eu\/de\/voda-donat\/","title":{"rendered":"Heilwasser Donat"},"content":{"rendered":"\n<div class=\"wp-block-group alignfull about\"><div class=\"wp-block-group__inner-container is-layout-constrained wp-block-group-is-layout-constrained\">\n<div class=\"wp-block-columns is-layout-flex wp-container-core-columns-is-layout-9d6595d7 wp-block-columns-is-layout-flex\">\n<div class=\"wp-block-column is-vertically-aligned-center is-layout-flow wp-block-column-is-layout-flow\">\n<p>Mineralwasser Donat Mg wurde erstmals im Jahr 1411 in Chroniken erw\u00e4hnt. Im Jahr 1680 beschrieb Professor Paul de Sorbet seine heilenden Eigenschaften. Heute ist die therapeutische Wirkung von Donat Mg vollst\u00e4ndig belegt, und \u00c4rzte empfehlen es Menschen mit verschiedenen Erkrankungen.<\/p>\n\n\n\n<p><strong>Heilende Eigenschaften von Donat Mg<\/strong><\/p>\n\n\n\n<p>Ein Liter dieses Mineralwassers enth\u00e4lt 13 g Mineralstoffe, darunter 1 g Magnesium und 300 mg Kalzium. Magnesium aktiviert \u00fcber 300 biochemische Prozesse im K\u00f6rper. Neben Magnesium enth\u00e4lt Donat Mg auch Kalzium, Kohlendioxid, Natrium, Sulfate und Hydrogencarbonate. Donat Mg hilft, den Magnesiumhaushalt zu decken, der in gew\u00f6hnlichem Trinkwasser oft zu niedrig ist.<\/p>\n<\/div>\n\n\n\n<div class=\"wp-block-column is-layout-flow wp-block-column-is-layout-flow\"><style>.kb-image7244_c43644-02 .kb-image-has-overlay:after{opacity:0.3;}<\/style>\n<figure class=\"wp-block-kadence-image kb-image7244_c43644-02 size-full\"><img decoding=\"async\" width=\"690\" height=\"460\" src=\"https:\/\/revita-clinic.eu\/wp-content\/uploads\/2025\/06\/c129.jpg\" alt=\"\" class=\"kb-img wp-image-7230\" srcset=\"https:\/\/revita-clinic.eu\/wp-content\/uploads\/2025\/06\/c129.jpg 690w, https:\/\/revita-clinic.eu\/wp-content\/uploads\/2025\/06\/c129-300x200.jpg 300w\" sizes=\"(max-width: 690px) 100vw, 690px\" \/><\/figure>\n<\/div>\n<\/div>\n\n\n\n<div class=\"wp-block-columns is-layout-flex wp-container-core-columns-is-layout-9d6595d7 wp-block-columns-is-layout-flex\">\n<div class=\"wp-block-column is-layout-flow wp-block-column-is-layout-flow\"><style>.kb-image7244_2c3b74-69 .kb-image-has-overlay:after{opacity:0.3;}<\/style>\n<figure class=\"wp-block-kadence-image kb-image7244_2c3b74-69 size-full\"><img decoding=\"async\" width=\"690\" height=\"614\" src=\"https:\/\/revita-clinic.eu\/wp-content\/uploads\/2025\/06\/c29.jpg\" alt=\"\" class=\"kb-img wp-image-7217\" srcset=\"https:\/\/revita-clinic.eu\/wp-content\/uploads\/2025\/06\/c29.jpg 690w, https:\/\/revita-clinic.eu\/wp-content\/uploads\/2025\/06\/c29-300x267.jpg 300w\" sizes=\"(max-width: 690px) 100vw, 690px\" \/><\/figure>\n<\/div>\n\n\n\n<div class=\"wp-block-column is-vertically-aligned-center is-layout-flow wp-block-column-is-layout-flow\">\n<p><strong>Donat Mg:<\/strong><\/p>\n\n\n\n<ul class=\"wp-block-list\">\n<li>Reduziert \u00dcbergewicht, f\u00f6rdert die Darmperistaltik und den Stoffwechsel, beseitigt Verstopfungen<\/li>\n\n\n\n<li>Senkt den Blutzucker und verringert die Insulinresistenz<\/li>\n\n\n\n<li>Stimuliert die Insulinproduktion, wenn vor dem Essen eingenommen<\/li>\n\n\n\n<li>Senkt die Erregbarkeit von Zellmembranen und hilft bei Stress<\/li>\n\n\n\n<li>Unterst\u00fctzt die Kaliumaufnahme, wichtig f\u00fcr die Nervenleitung und Vorbeugung von Arrhythmien<\/li>\n\n\n\n<li>Verringert die Gr\u00f6\u00dfe von Blutgerinnseln und das Thromboserisiko<\/li>\n\n\n\n<li>Senkt den Blutdruck<\/li>\n\n\n\n<li>Verringert das Risiko einer Fr\u00fchgeburt und Schwangerschaftsdiabetes<\/li>\n<\/ul>\n\n\n\n<p>Donat Mg hat keine Nebenwirkungen. Es wird auch gesunden Menschen empfohlen, um den normalen Magnesiumspiegel aufrechtzuerhalten \u2014 ein Element, das f\u00fcr die gesamte K\u00f6rperfunktion unerl\u00e4sslich ist.<\/p>\n<\/div>\n<\/div>\n\n\n<style>.wp-block-kadence-advancedbtn.kb-btns7244_02c5fb-e5{gap:var(--global-kb-gap-xs, 0.5rem );justify-content:center;align-items:center;}.kt-btns7244_02c5fb-e5 .kt-button{font-weight:normal;font-style:normal;}.kt-btns7244_02c5fb-e5 .kt-btn-wrap-0{margin-right:5px;}.wp-block-kadence-advancedbtn.kt-btns7244_02c5fb-e5 .kt-btn-wrap-0 .kt-button{color:#555555;border-color:#555555;}.wp-block-kadence-advancedbtn.kt-btns7244_02c5fb-e5 .kt-btn-wrap-0 .kt-button:hover, .wp-block-kadence-advancedbtn.kt-btns7244_02c5fb-e5 .kt-btn-wrap-0 .kt-button:focus{color:#ffffff;border-color:#444444;}.wp-block-kadence-advancedbtn.kt-btns7244_02c5fb-e5 .kt-btn-wrap-0 .kt-button::before{display:none;}.wp-block-kadence-advancedbtn.kt-btns7244_02c5fb-e5 .kt-btn-wrap-0 .kt-button:hover, .wp-block-kadence-advancedbtn.kt-btns7244_02c5fb-e5 .kt-btn-wrap-0 .kt-button:focus{background:#444444;}<\/style>\n<div class=\"wp-block-kadence-advancedbtn kb-buttons-wrap kb-btns7244_02c5fb-e5\"><style>.wp-block-kadence-advancedbtn .kb-btn7244_732895-de.kb-button{color:#000000;border-top-left-radius:10px;border-top-right-radius:10px;border-bottom-right-radius:10px;border-bottom-left-radius:10px;border-top:1px solid #000000;border-right:1px solid #000000;border-bottom:1px solid #000000;border-left:1px solid #000000;padding-top:var(--global-kb-spacing-xs, 1rem);padding-right:var(--global-kb-spacing-xs, 1rem);padding-bottom:var(--global-kb-spacing-xs, 1rem);padding-left:var(--global-kb-spacing-xs, 1rem);}@media all and (max-width: 1024px){.wp-block-kadence-advancedbtn .kb-btn7244_732895-de.kb-button{border-top:1px solid #000000;border-right:1px solid #000000;border-bottom:1px solid #000000;border-left:1px solid #000000;}}@media all and (max-width: 767px){.wp-block-kadence-advancedbtn .kb-btn7244_732895-de.kb-button{border-top:1px solid #000000;border-right:1px solid #000000;border-bottom:1px solid #000000;border-left:1px solid #000000;}}<\/style><span class=\"kb-button kt-button button kb-btn7244_732895-de kt-btn-size-standard kt-btn-width-type-fixed kb-btn-global-outline  kt-btn-has-text-true kt-btn-has-svg-true  contact-open wp-block-kadence-singlebtn\"><span class=\"kt-btn-inner-text\">Preis ansehen<\/span><span class=\"kb-svg-icon-wrap kb-svg-icon-fe_arrowRight kt-btn-icon-side-right\"><svg viewBox=\"0 0 24 24\"  fill=\"none\" stroke=\"currentColor\" stroke-width=\"2\" stroke-linecap=\"round\" stroke-linejoin=\"round\" xmlns=\"http:\/\/www.w3.org\/2000\/svg\"  aria-hidden=\"true\"><line x1=\"5\" y1=\"12\" x2=\"19\" y2=\"12\"\/><polyline points=\"12 5 19 12 12 19\"\/><\/svg><\/span><\/span><\/div>\n<\/div><\/div>\n","protected":false},"excerpt":{"rendered":"<p>Mineralwasser Donat Mg wurde erstmals im Jahr 1411 in Chroniken erw\u00e4hnt. Im Jahr 1680 beschrieb&hellip;<\/p>\n","protected":false},"author":1,"featured_media":7238,"parent":0,"menu_order":0,"comment_status":"closed","ping_status":"closed","template":"","meta":{"_acf_changed":false,"footnotes":""},"class_list":["post-7244","page","type-page","status-publish","has-post-thumbnail","hentry"],"acf":[],"_links":{"self":[{"href":"https:\/\/revita-clinic.eu\/de\/wp-json\/wp\/v2\/pages\/7244","targetHints":{"allow":["GET"]}}],"collection":[{"href":"https:\/\/revita-clinic.eu\/de\/wp-json\/wp\/v2\/pages"}],"about":[{"href":"https:\/\/revita-clinic.eu\/de\/wp-json\/wp\/v2\/types\/page"}],"author":[{"embeddable":true,"href":"https:\/\/revita-clinic.eu\/de\/wp-json\/wp\/v2\/users\/1"}],"replies":[{"embeddable":true,"href":"https:\/\/revita-clinic.eu\/de\/wp-json\/wp\/v2\/comments?post=7244"}],"version-history":[{"count":0,"href":"https:\/\/revita-clinic.eu\/de\/wp-json\/wp\/v2\/pages\/7244\/revisions"}],"wp:featuredmedia":[{"embeddable":true,"href":"https:\/\/revita-clinic.eu\/de\/wp-json\/wp\/v2\/media\/7238"}],"wp:attachment":[{"href":"https:\/\/revita-clinic.eu\/de\/wp-json\/wp\/v2\/media?parent=7244"}],"curies":[{"name":"wp","href":"https:\/\/api.w.org\/{rel}","templated":true}]}}