{"id":2936,"date":"2024-09-17T21:46:01","date_gmt":"2024-09-17T19:46:01","guid":{"rendered":"https:\/\/revita-clinic.eu\/restaurant\/"},"modified":"2026-02-25T13:15:09","modified_gmt":"2026-02-25T11:15:09","slug":"restaurant","status":"publish","type":"page","link":"https:\/\/revita-clinic.eu\/hr\/restaurant\/","title":{"rendered":"Restoran"},"content":{"rendered":"\n<div class=\"wp-block-group alignfull about\"><div class=\"wp-block-group__inner-container is-layout-constrained wp-block-group-is-layout-constrained\">\n<div class=\"wp-block-columns is-layout-flex wp-container-core-columns-is-layout-9d6595d7 wp-block-columns-is-layout-flex\">\n<div class=\"wp-block-column is-vertically-aligned-center is-layout-flow wp-block-column-is-layout-flow\">\n<h4 class=\"wp-block-heading has-text-align-left\">Jedini restoran mindful eatinga u Sloveniji<\/h4>\n\n\n\n<p>Jedan od klju\u010dnih faktora uspjeha bilo kojeg terapijskog programa u na\u0161oj klinici je zdrava prehrana. Lije\u010denje je u\u010dinkovito i ima dugotrajan u\u010dinak samo kada djeluje i izvana i iznutra.<\/p>\n\n\n\n<p>Zbog toga smo za na\u0161e pacijente otvorili restoran mindful eatinga Donatella! To je mjesto gdje se kulinarska umjetnost susre\u0107e sa znano\u0161\u0107u o zdravlju i dugovje\u010dnosti. Ovdje, u &#8220;Donatella&#8221;, sigurno znamo da hrana mo\u017ee biti ne samo na\u010din za zadovoljenje gladi, nego i prirodni lijek.<\/p>\n<\/div>\n\n\n\n<div class=\"wp-block-column is-layout-flow wp-block-column-is-layout-flow\"><style>.kb-gallery-id-2936_9bb1d3-7f .kadence-blocks-gallery-item .kb-gal-image-radius, .kb-gallery-id-2936_9bb1d3-7f .kb-slide-item .kb-gal-image-radius img{border-radius:0px 0px 0px 0px;;}.kb-gallery-wrap-id-2936_9bb1d3-7f.wp-block-kadence-advancedgallery{overflow:visible;}.kb-gallery-wrap-id-2936_9bb1d3-7f.wp-block-kadence-advancedgallery .kt-blocks-carousel{overflow:visible;}.kb-gallery-id-2936_9bb1d3-7f .splide.kt-carousel-dotstyle-outlinedark .splide__pagination__page{background-color:transparent;box-shadow:inset 0 0 0 1px #000;-webkit-transition:box-shadow 0.3s ease;-moz-transition:box-shadow 0.3s ease;transition:box-shadow 0.3s ease;}.kb-gallery-id-2936_9bb1d3-7f .splide.kt-carousel-dotstyle-outlinedark .splide__pagination__page.is-active{background-color:transparent;box-shadow:inset 0 0 0 8px #000;}<\/style><div class=\"kb-gallery-wrap-id-2936_9bb1d3-7f alignnone wp-block-kadence-advancedgallery\"><div class=\"kb-gallery-ul kb-gallery-non-static kb-gallery-type-slider kb-gallery-id-2936_9bb1d3-7f kb-gallery-caption-style-bottom-hover kb-gallery-filter-none\" data-image-filter=\"none\" data-lightbox-caption=\"true\"><div class=\"kt-blocks-carousel splide kt-carousel-container-dotstyle-outlinedark kt-carousel-arrowstyle-outlinewhite kt-carousel-dotstyle-outlinedark kb-slider-group-arrow kb-slider-arrow-position-center\" data-slider-anim-speed=\"1790\" data-slider-scroll=\"1\" data-slider-arrows=\"true\" data-slider-fade=\"true\" data-slider-dots=\"true\" data-slider-type=\"slider\" data-slider-hover-pause=\"false\" data-slider-auto=\"\" data-slider-speed=\"3080\" data-show-pause-button=\"false\"><div class=\"splide__track\"><ul class=\"kt-blocks-carousel-init kb-blocks-slider splide__list\"><li class=\"kb-slide-item kb-gallery-slide-item splide__slide\"><div class=\"kadence-blocks-gallery-item\"><div class=\"kadence-blocks-gallery-item-inner\"><figure class=\"kb-gallery-figure kadence-blocks-gallery-item-hide-caption\"><div class=\"kb-gal-image-radius\"><div class=\"kb-gallery-image-contain kadence-blocks-gallery-intrinsic kb-gallery-image-ratio-land32 kb-has-image-ratio-land32\" ><img decoding=\"async\" src=\"https:\/\/revita-clinic.eu\/wp-content\/uploads\/2024\/12\/r4.jpg\" width=\"617\" height=\"415\" alt=\"\" data-full-image=\"https:\/\/revita-clinic.eu\/wp-content\/uploads\/2024\/12\/r4.jpg\" data-light-image=\"https:\/\/revita-clinic.eu\/wp-content\/uploads\/2024\/12\/r4.jpg\" data-id=\"2963\" class=\"wp-image-2963 skip-lazy\" srcset=\"https:\/\/revita-clinic.eu\/wp-content\/uploads\/2024\/12\/r4.jpg 617w, https:\/\/revita-clinic.eu\/wp-content\/uploads\/2024\/12\/r4-300x202.jpg 300w\" sizes=\"(max-width: 617px) 100vw, 617px\" \/><\/div><\/div><\/figure><\/div><\/div><\/li><li class=\"kb-slide-item kb-gallery-slide-item splide__slide\"><div class=\"kadence-blocks-gallery-item\"><div class=\"kadence-blocks-gallery-item-inner\"><figure class=\"kb-gallery-figure kadence-blocks-gallery-item-hide-caption\"><div class=\"kb-gal-image-radius\"><div class=\"kb-gallery-image-contain kadence-blocks-gallery-intrinsic kb-gallery-image-ratio-land32 kb-has-image-ratio-land32\" ><img decoding=\"async\" src=\"https:\/\/revita-clinic.eu\/wp-content\/uploads\/2024\/12\/r1.jpg\" width=\"617\" height=\"415\" alt=\"\" data-full-image=\"https:\/\/revita-clinic.eu\/wp-content\/uploads\/2024\/12\/r1.jpg\" data-light-image=\"https:\/\/revita-clinic.eu\/wp-content\/uploads\/2024\/12\/r1.jpg\" data-id=\"2964\" class=\"wp-image-2964 skip-lazy\" srcset=\"https:\/\/revita-clinic.eu\/wp-content\/uploads\/2024\/12\/r1.jpg 617w, https:\/\/revita-clinic.eu\/wp-content\/uploads\/2024\/12\/r1-300x202.jpg 300w\" sizes=\"(max-width: 617px) 100vw, 617px\" \/><\/div><\/div><\/figure><\/div><\/div><\/li><li class=\"kb-slide-item kb-gallery-slide-item splide__slide\"><div class=\"kadence-blocks-gallery-item\"><div class=\"kadence-blocks-gallery-item-inner\"><figure class=\"kb-gallery-figure kadence-blocks-gallery-item-hide-caption\"><div class=\"kb-gal-image-radius\"><div class=\"kb-gallery-image-contain kadence-blocks-gallery-intrinsic kb-gallery-image-ratio-land32 kb-has-image-ratio-land32\" ><img decoding=\"async\" src=\"https:\/\/revita-clinic.eu\/wp-content\/uploads\/2024\/12\/r3.jpg\" width=\"617\" height=\"415\" alt=\"\" data-full-image=\"https:\/\/revita-clinic.eu\/wp-content\/uploads\/2024\/12\/r3.jpg\" data-light-image=\"https:\/\/revita-clinic.eu\/wp-content\/uploads\/2024\/12\/r3.jpg\" data-id=\"2966\" class=\"wp-image-2966 skip-lazy\" srcset=\"https:\/\/revita-clinic.eu\/wp-content\/uploads\/2024\/12\/r3.jpg 617w, https:\/\/revita-clinic.eu\/wp-content\/uploads\/2024\/12\/r3-300x202.jpg 300w\" sizes=\"(max-width: 617px) 100vw, 617px\" \/><\/div><\/div><\/figure><\/div><\/div><\/li><li class=\"kb-slide-item kb-gallery-slide-item splide__slide\"><div class=\"kadence-blocks-gallery-item\"><div class=\"kadence-blocks-gallery-item-inner\"><figure class=\"kb-gallery-figure kadence-blocks-gallery-item-hide-caption\"><div class=\"kb-gal-image-radius\"><div class=\"kb-gallery-image-contain kadence-blocks-gallery-intrinsic kb-gallery-image-ratio-land32 kb-has-image-ratio-land32\" ><img decoding=\"async\" src=\"https:\/\/revita-clinic.eu\/wp-content\/uploads\/2026\/02\/20251215_hotelaleksander_2025_december_fullsize-104-2-1-1024x683.jpg\" width=\"1024\" height=\"683\" alt=\"\" data-full-image=\"https:\/\/revita-clinic.eu\/wp-content\/uploads\/2026\/02\/20251215_hotelaleksander_2025_december_fullsize-104-2-1-scaled.jpg\" data-light-image=\"https:\/\/revita-clinic.eu\/wp-content\/uploads\/2026\/02\/20251215_hotelaleksander_2025_december_fullsize-104-2-1-scaled.jpg\" data-id=\"16645\" class=\"wp-image-16645 skip-lazy\" srcset=\"https:\/\/revita-clinic.eu\/wp-content\/uploads\/2026\/02\/20251215_hotelaleksander_2025_december_fullsize-104-2-1-1024x683.jpg 1024w, https:\/\/revita-clinic.eu\/wp-content\/uploads\/2026\/02\/20251215_hotelaleksander_2025_december_fullsize-104-2-1-300x200.jpg 300w, https:\/\/revita-clinic.eu\/wp-content\/uploads\/2026\/02\/20251215_hotelaleksander_2025_december_fullsize-104-2-1-768x512.jpg 768w, https:\/\/revita-clinic.eu\/wp-content\/uploads\/2026\/02\/20251215_hotelaleksander_2025_december_fullsize-104-2-1-1536x1024.jpg 1536w, https:\/\/revita-clinic.eu\/wp-content\/uploads\/2026\/02\/20251215_hotelaleksander_2025_december_fullsize-104-2-1-2048x1365.jpg 2048w, https:\/\/revita-clinic.eu\/wp-content\/uploads\/2026\/02\/20251215_hotelaleksander_2025_december_fullsize-104-2-1-1320x880.jpg 1320w\" sizes=\"(max-width: 1024px) 100vw, 1024px\" \/><\/div><\/div><\/figure><\/div><\/div><\/li><li class=\"kb-slide-item kb-gallery-slide-item splide__slide\"><div class=\"kadence-blocks-gallery-item\"><div class=\"kadence-blocks-gallery-item-inner\"><figure class=\"kb-gallery-figure kadence-blocks-gallery-item-hide-caption\"><div class=\"kb-gal-image-radius\"><div class=\"kb-gallery-image-contain kadence-blocks-gallery-intrinsic kb-gallery-image-ratio-land32 kb-has-image-ratio-land32\" ><img decoding=\"async\" src=\"https:\/\/revita-clinic.eu\/wp-content\/uploads\/2026\/02\/20251215_hotelaleksander_2025_december_fullsize-111-1-1-1024x683.jpg\" width=\"1024\" height=\"683\" alt=\"\" data-full-image=\"https:\/\/revita-clinic.eu\/wp-content\/uploads\/2026\/02\/20251215_hotelaleksander_2025_december_fullsize-111-1-1-scaled.jpg\" data-light-image=\"https:\/\/revita-clinic.eu\/wp-content\/uploads\/2026\/02\/20251215_hotelaleksander_2025_december_fullsize-111-1-1-scaled.jpg\" data-id=\"16639\" class=\"wp-image-16639 skip-lazy\" srcset=\"https:\/\/revita-clinic.eu\/wp-content\/uploads\/2026\/02\/20251215_hotelaleksander_2025_december_fullsize-111-1-1-1024x683.jpg 1024w, https:\/\/revita-clinic.eu\/wp-content\/uploads\/2026\/02\/20251215_hotelaleksander_2025_december_fullsize-111-1-1-300x200.jpg 300w, https:\/\/revita-clinic.eu\/wp-content\/uploads\/2026\/02\/20251215_hotelaleksander_2025_december_fullsize-111-1-1-768x512.jpg 768w, https:\/\/revita-clinic.eu\/wp-content\/uploads\/2026\/02\/20251215_hotelaleksander_2025_december_fullsize-111-1-1-1536x1024.jpg 1536w, https:\/\/revita-clinic.eu\/wp-content\/uploads\/2026\/02\/20251215_hotelaleksander_2025_december_fullsize-111-1-1-2048x1365.jpg 2048w, https:\/\/revita-clinic.eu\/wp-content\/uploads\/2026\/02\/20251215_hotelaleksander_2025_december_fullsize-111-1-1-1320x880.jpg 1320w\" sizes=\"(max-width: 1024px) 100vw, 1024px\" \/><\/div><\/div><\/figure><\/div><\/div><\/li><li class=\"kb-slide-item kb-gallery-slide-item splide__slide\"><div class=\"kadence-blocks-gallery-item\"><div class=\"kadence-blocks-gallery-item-inner\"><figure class=\"kb-gallery-figure kadence-blocks-gallery-item-hide-caption\"><div class=\"kb-gal-image-radius\"><div class=\"kb-gallery-image-contain kadence-blocks-gallery-intrinsic kb-gallery-image-ratio-land32 kb-has-image-ratio-land32\" ><img decoding=\"async\" src=\"https:\/\/revita-clinic.eu\/wp-content\/uploads\/2026\/02\/20260112_hotelaleksander_2026_january_fullsize-61-1-1024x683.jpg\" width=\"1024\" height=\"683\" alt=\"\" data-full-image=\"https:\/\/revita-clinic.eu\/wp-content\/uploads\/2026\/02\/20260112_hotelaleksander_2026_january_fullsize-61-1-scaled.jpg\" data-light-image=\"https:\/\/revita-clinic.eu\/wp-content\/uploads\/2026\/02\/20260112_hotelaleksander_2026_january_fullsize-61-1-scaled.jpg\" data-id=\"16628\" class=\"wp-image-16628 skip-lazy\" srcset=\"https:\/\/revita-clinic.eu\/wp-content\/uploads\/2026\/02\/20260112_hotelaleksander_2026_january_fullsize-61-1-1024x683.jpg 1024w, https:\/\/revita-clinic.eu\/wp-content\/uploads\/2026\/02\/20260112_hotelaleksander_2026_january_fullsize-61-1-300x200.jpg 300w, https:\/\/revita-clinic.eu\/wp-content\/uploads\/2026\/02\/20260112_hotelaleksander_2026_january_fullsize-61-1-768x512.jpg 768w, https:\/\/revita-clinic.eu\/wp-content\/uploads\/2026\/02\/20260112_hotelaleksander_2026_january_fullsize-61-1-1536x1024.jpg 1536w, https:\/\/revita-clinic.eu\/wp-content\/uploads\/2026\/02\/20260112_hotelaleksander_2026_january_fullsize-61-1-2048x1365.jpg 2048w, https:\/\/revita-clinic.eu\/wp-content\/uploads\/2026\/02\/20260112_hotelaleksander_2026_january_fullsize-61-1-1320x880.jpg 1320w\" sizes=\"(max-width: 1024px) 100vw, 1024px\" \/><\/div><\/div><\/figure><\/div><\/div><\/li><li class=\"kb-slide-item kb-gallery-slide-item splide__slide\"><div class=\"kadence-blocks-gallery-item\"><div class=\"kadence-blocks-gallery-item-inner\"><figure class=\"kb-gallery-figure kadence-blocks-gallery-item-hide-caption\"><div class=\"kb-gal-image-radius\"><div class=\"kb-gallery-image-contain kadence-blocks-gallery-intrinsic kb-gallery-image-ratio-land32 kb-has-image-ratio-land32\" ><img decoding=\"async\" src=\"https:\/\/revita-clinic.eu\/wp-content\/uploads\/2026\/02\/20260112_hotelaleksander_2026_january_fullsize-57-1024x683.jpg\" width=\"1024\" height=\"683\" alt=\"\" data-full-image=\"https:\/\/revita-clinic.eu\/wp-content\/uploads\/2026\/02\/20260112_hotelaleksander_2026_january_fullsize-57-scaled.jpg\" data-light-image=\"https:\/\/revita-clinic.eu\/wp-content\/uploads\/2026\/02\/20260112_hotelaleksander_2026_january_fullsize-57-scaled.jpg\" data-id=\"16622\" class=\"wp-image-16622 skip-lazy\" srcset=\"https:\/\/revita-clinic.eu\/wp-content\/uploads\/2026\/02\/20260112_hotelaleksander_2026_january_fullsize-57-1024x683.jpg 1024w, https:\/\/revita-clinic.eu\/wp-content\/uploads\/2026\/02\/20260112_hotelaleksander_2026_january_fullsize-57-300x200.jpg 300w, https:\/\/revita-clinic.eu\/wp-content\/uploads\/2026\/02\/20260112_hotelaleksander_2026_january_fullsize-57-768x512.jpg 768w, https:\/\/revita-clinic.eu\/wp-content\/uploads\/2026\/02\/20260112_hotelaleksander_2026_january_fullsize-57-1536x1024.jpg 1536w, https:\/\/revita-clinic.eu\/wp-content\/uploads\/2026\/02\/20260112_hotelaleksander_2026_january_fullsize-57-2048x1365.jpg 2048w, https:\/\/revita-clinic.eu\/wp-content\/uploads\/2026\/02\/20260112_hotelaleksander_2026_january_fullsize-57-1320x880.jpg 1320w\" sizes=\"(max-width: 1024px) 100vw, 1024px\" \/><\/div><\/div><\/figure><\/div><\/div><\/li><li class=\"kb-slide-item kb-gallery-slide-item splide__slide\"><div class=\"kadence-blocks-gallery-item\"><div class=\"kadence-blocks-gallery-item-inner\"><figure class=\"kb-gallery-figure kadence-blocks-gallery-item-hide-caption\"><div class=\"kb-gal-image-radius\"><div class=\"kb-gallery-image-contain kadence-blocks-gallery-intrinsic kb-gallery-image-ratio-land32 kb-has-image-ratio-land32\" ><img decoding=\"async\" src=\"https:\/\/revita-clinic.eu\/wp-content\/uploads\/2026\/02\/20251215_hotelaleksander_2025_december_fullsize-095-1-1024x683.jpg\" width=\"1024\" height=\"683\" alt=\"\" data-full-image=\"https:\/\/revita-clinic.eu\/wp-content\/uploads\/2026\/02\/20251215_hotelaleksander_2025_december_fullsize-095-1-scaled.jpg\" data-light-image=\"https:\/\/revita-clinic.eu\/wp-content\/uploads\/2026\/02\/20251215_hotelaleksander_2025_december_fullsize-095-1-scaled.jpg\" data-id=\"16616\" class=\"wp-image-16616 skip-lazy\" srcset=\"https:\/\/revita-clinic.eu\/wp-content\/uploads\/2026\/02\/20251215_hotelaleksander_2025_december_fullsize-095-1-1024x683.jpg 1024w, https:\/\/revita-clinic.eu\/wp-content\/uploads\/2026\/02\/20251215_hotelaleksander_2025_december_fullsize-095-1-300x200.jpg 300w, https:\/\/revita-clinic.eu\/wp-content\/uploads\/2026\/02\/20251215_hotelaleksander_2025_december_fullsize-095-1-768x512.jpg 768w, https:\/\/revita-clinic.eu\/wp-content\/uploads\/2026\/02\/20251215_hotelaleksander_2025_december_fullsize-095-1-1536x1024.jpg 1536w, https:\/\/revita-clinic.eu\/wp-content\/uploads\/2026\/02\/20251215_hotelaleksander_2025_december_fullsize-095-1-2048x1365.jpg 2048w, https:\/\/revita-clinic.eu\/wp-content\/uploads\/2026\/02\/20251215_hotelaleksander_2025_december_fullsize-095-1-1320x880.jpg 1320w\" sizes=\"(max-width: 1024px) 100vw, 1024px\" \/><\/div><\/div><\/figure><\/div><\/div><\/li><\/ul><\/div><\/div><\/div><\/div><\/div>\n<\/div>\n<\/div><\/div>\n\n\n\n<div class=\"wp-block-group alignfull second\"><div class=\"wp-block-group__inner-container is-layout-constrained wp-block-group-is-layout-constrained\">\n<div class=\"wp-block-columns is-layout-flex wp-container-core-columns-is-layout-9d6595d7 wp-block-columns-is-layout-flex\">\n<div class=\"wp-block-column is-layout-flow wp-block-column-is-layout-flow\"><\/div>\n\n\n\n<div class=\"wp-block-column quot is-layout-flow wp-block-column-is-layout-flow\" style=\"flex-basis:67%\"><style>.kb-image2936_67f425-a2 .kb-image-has-overlay:after{opacity:0.3;}.kb-image2936_67f425-a2 img.kb-img, .kb-image2936_67f425-a2 .kb-img img{-webkit-mask-image:url(https:\/\/revita-clinic.eu\/wp-content\/plugins\/kadence-blocks\/includes\/assets\/images\/masks\/circle.svg);mask-image:url(https:\/\/revita-clinic.eu\/wp-content\/plugins\/kadence-blocks\/includes\/assets\/images\/masks\/circle.svg);-webkit-mask-size:auto;mask-size:auto;-webkit-mask-repeat:no-repeat;mask-repeat:no-repeat;-webkit-mask-position:center;mask-position:center;}<\/style>\n<figure class=\"wp-block-kadence-image kb-image2936_67f425-a2 size-medium\"><img decoding=\"async\" width=\"300\" height=\"300\" src=\"https:\/\/revita-clinic.eu\/wp-content\/uploads\/2025\/05\/cus-300x300.jpg\" alt=\"\" class=\"kb-img wp-image-6569\" srcset=\"https:\/\/revita-clinic.eu\/wp-content\/uploads\/2025\/05\/cus-300x300.jpg 300w, https:\/\/revita-clinic.eu\/wp-content\/uploads\/2025\/05\/cus.jpg 450w\" sizes=\"(max-width: 300px) 100vw, 300px\" \/><figcaption>Chef<br>Vitaliy Baranov<\/figcaption><\/figure>\n\n\n\n<p>Na\u0161 pristup je jednostavan, ali duboko zna\u010dajan: svaki sastojak, svaki obrok priprema se svjesno i s pa\u017enjom. Kuhari restorana sura\u0111uju s medicinskim stru\u010dnjacima klinike biolo\u0161ke dugovje\u010dnosti &#8220;Revita&#8221; kako bi razvili jelovnik koji odgovara svakom terapijskom programu i uzima u obzir individualne karakteristike pacijenta.<\/p>\n<\/div>\n\n\n\n<div class=\"wp-block-column is-layout-flow wp-block-column-is-layout-flow\"><\/div>\n<\/div>\n<\/div><\/div>\n\n\n\n<div class=\"wp-block-group alignfull\"><div class=\"wp-block-group__inner-container is-layout-constrained wp-block-group-is-layout-constrained\">\n<div class=\"wp-block-columns food is-layout-flex wp-container-core-columns-is-layout-9d6595d7 wp-block-columns-is-layout-flex\">\n<div class=\"wp-block-column is-layout-flow wp-block-column-is-layout-flow\">\n<p>Svi na\u0161i sastojci dolaze od provjerenih lokalnih poljoprivrednika, \u0161to jam\u010di njihovu visoku kvalitetu i svje\u017einu. Vjerujemo u snagu prirode, stoga je svaki proizvod pa\u017eljivo odabran kako bi pobolj\u0161ao va\u0161e zdravlje.<\/p>\n\n\n\n<p>Glavni sastojak je ljubav, zato je na\u0161a zdrava prehrana tako\u0111er vrlo ukusna. Na\u0161i kuhari znaju na nevjerojatan na\u010din kombinirati zdrave namirnice, pretvaraju\u0107i svaki obrok u remek-djelo, kako vizualno, tako i s okusne strane! Samo probajte!<\/p>\n<\/div>\n\n\n\n<div class=\"wp-block-column is-layout-flow wp-block-column-is-layout-flow\"><\/div>\n\n\n\n<div class=\"wp-block-column is-layout-flow wp-block-column-is-layout-flow\">\n<p>Tako\u0111er, njegujemo mindful eating, pristup hrani koji se temelji na svjesnosti i pa\u017enji tijekom obroka. To je na\u010din interakcije s hranom koji poma\u017ee bolje prepoznati vlastite fizi\u010dke i emocionalne potrebe, kao i dobiti vi\u0161e u\u017eitka i koristi od hrane.<\/p>\n\n\n\n<p>Upoznajte se s svojstvima raznih sastojaka i kako oni poma\u017eu ba\u0161 kod va\u0161ih zdravstvenih problema, tako \u0107ete mo\u0107i odr\u017eavati zdravu prehranu i kod ku\u0107e, \u010dime produ\u017eujete u\u010dinak terapijskog programa.<\/p>\n<\/div>\n<\/div>\n\n\n\n<div class=\"wp-block-columns sous is-layout-flex wp-container-core-columns-is-layout-9d6595d7 wp-block-columns-is-layout-flex\">\n<div class=\"wp-block-column is-layout-flow wp-block-column-is-layout-flow\"><style>.kb-image2936_2e5b7b-b7 .kb-image-has-overlay:after{opacity:0.3;}<\/style>\n<figure class=\"wp-block-kadence-image kb-image2936_2e5b7b-b7 size-full\"><img decoding=\"async\" width=\"617\" height=\"415\" src=\"https:\/\/revita-clinic.eu\/wp-content\/uploads\/2024\/12\/r2.jpg\" alt=\"\" class=\"kb-img wp-image-2233\" srcset=\"https:\/\/revita-clinic.eu\/wp-content\/uploads\/2024\/12\/r2.jpg 617w, https:\/\/revita-clinic.eu\/wp-content\/uploads\/2024\/12\/r2-300x202.jpg 300w\" sizes=\"(max-width: 617px) 100vw, 617px\" \/><\/figure>\n<\/div>\n\n\n\n<div class=\"wp-block-column is-vertically-aligned-center is-layout-flow wp-block-column-is-layout-flow\">\n<p class=\"sous\">Ve\u0107ina jela na\u0161eg restorana priprema se metodom&nbsp;<strong>sous-vide<\/strong>. Ovaj na\u010din kuhanja podrazumijeva da se namirnice kuhaju u posebnim vakuumiranim vre\u0107icama na niskim i pa\u017eljivo kontroliranim temperaturama, \u0161to mo\u017ee trajati od nekoliko sati pa do nekoliko dana.<\/p>\n\n\n\n<p>Zahvaljuju\u0107i niskim temperaturama (obi\u010dno izme\u0111u 50 i 90\u00b0C) i odsutnosti kontakta s zrakom, \u010duvaju se vitamini, minerali i druge hranjive tvari koje se uni\u0161tavaju tradicionalnim kuhanjem. Vakuumsko pakiranje zadr\u017eava prirodne sokove i arome, sprje\u010davaju\u0107i njihovo isparavanje. To \u010dini okus jela bogatijim. Ova metoda omogu\u0107uje kuhanje s minimalnim dodavanjem ulja ili soli, \u010duvaju\u0107i prirodan okus namirnica.<\/p>\n\n\n\n<p>Zato je hrana u na\u0161em restoranu tako ukusna i zdrava!<\/p>\n<\/div>\n<\/div>\n<\/div><\/div>\n","protected":false},"excerpt":{"rendered":"<p>Jedini restoran mindful eatinga u Sloveniji Jedan od klju\u010dnih faktora uspjeha bilo kojeg terapijskog programa&hellip;<\/p>\n","protected":false},"author":1,"featured_media":9450,"parent":0,"menu_order":0,"comment_status":"closed","ping_status":"closed","template":"","meta":{"_acf_changed":false,"footnotes":""},"class_list":["post-2936","page","type-page","status-publish","has-post-thumbnail","hentry"],"acf":[],"_links":{"self":[{"href":"https:\/\/revita-clinic.eu\/hr\/wp-json\/wp\/v2\/pages\/2936","targetHints":{"allow":["GET"]}}],"collection":[{"href":"https:\/\/revita-clinic.eu\/hr\/wp-json\/wp\/v2\/pages"}],"about":[{"href":"https:\/\/revita-clinic.eu\/hr\/wp-json\/wp\/v2\/types\/page"}],"author":[{"embeddable":true,"href":"https:\/\/revita-clinic.eu\/hr\/wp-json\/wp\/v2\/users\/1"}],"replies":[{"embeddable":true,"href":"https:\/\/revita-clinic.eu\/hr\/wp-json\/wp\/v2\/comments?post=2936"}],"version-history":[{"count":1,"href":"https:\/\/revita-clinic.eu\/hr\/wp-json\/wp\/v2\/pages\/2936\/revisions"}],"predecessor-version":[{"id":16661,"href":"https:\/\/revita-clinic.eu\/hr\/wp-json\/wp\/v2\/pages\/2936\/revisions\/16661"}],"wp:featuredmedia":[{"embeddable":true,"href":"https:\/\/revita-clinic.eu\/hr\/wp-json\/wp\/v2\/media\/9450"}],"wp:attachment":[{"href":"https:\/\/revita-clinic.eu\/hr\/wp-json\/wp\/v2\/media?parent=2936"}],"curies":[{"name":"wp","href":"https:\/\/api.w.org\/{rel}","templated":true}]}}