{"id":7243,"date":"2025-06-12T11:19:42","date_gmt":"2025-06-12T09:19:42","guid":{"rendered":"https:\/\/revita-clinic.eu\/voda-donat\/"},"modified":"2025-06-12T12:46:15","modified_gmt":"2025-06-12T12:46:15","slug":"voda-donat","status":"publish","type":"page","link":"https:\/\/revita-clinic.eu\/hr\/voda-donat\/","title":{"rendered":"Ljekovita voda Donat"},"content":{"rendered":"\n<div class=\"wp-block-group alignfull about\"><div class=\"wp-block-group__inner-container is-layout-constrained wp-block-group-is-layout-constrained\">\n<div class=\"wp-block-columns is-layout-flex wp-container-core-columns-is-layout-9d6595d7 wp-block-columns-is-layout-flex\">\n<div class=\"wp-block-column is-vertically-aligned-center is-layout-flow wp-block-column-is-layout-flow\">\n<p>Mineralna voda Donat Mg prvi put je spomenuta u kronikama 1411. godine. Godine 1680. profesor Paul de Sorbet opisao je njezina ljekovita svojstva. Danas je terapijsko djelovanje Donata Mg potpuno dokazano, a lije\u010dnici je preporu\u010duju osobama s raznim zdravstvenim problemima.<\/p>\n\n\n\n<p><strong>Ljekovita svojstva Donata Mg<\/strong><\/p>\n\n\n\n<p>Jedan litra ove mineralne vode sadr\u017ei 13 g minerala, uklju\u010duju\u0107i 1 g magnezija i 300 mg kalcija. Magnezij aktivira vi\u0161e od 300 biokemijskih procesa u tijelu. Osim magnezija, Donat Mg sadr\u017ei i kalcij, uglji\u010dni dioksid, natrij, sulfate i bikarbonate. Donat Mg poma\u017ee nadoknaditi nedostatak magnezija koji obi\u010dno nedostaje u obi\u010dnoj vodi.<\/p>\n<\/div>\n\n\n\n<div class=\"wp-block-column is-layout-flow wp-block-column-is-layout-flow\"><style>.kb-image7243_c330d5-ae .kb-image-has-overlay:after{opacity:0.3;}<\/style>\n<figure class=\"wp-block-kadence-image kb-image7243_c330d5-ae size-full\"><img decoding=\"async\" width=\"690\" height=\"460\" src=\"https:\/\/revita-clinic.eu\/wp-content\/uploads\/2025\/06\/c129.jpg\" alt=\"\" class=\"kb-img wp-image-7230\" srcset=\"https:\/\/revita-clinic.eu\/wp-content\/uploads\/2025\/06\/c129.jpg 690w, https:\/\/revita-clinic.eu\/wp-content\/uploads\/2025\/06\/c129-300x200.jpg 300w\" sizes=\"(max-width: 690px) 100vw, 690px\" \/><\/figure>\n<\/div>\n<\/div>\n\n\n\n<div class=\"wp-block-columns is-layout-flex wp-container-core-columns-is-layout-9d6595d7 wp-block-columns-is-layout-flex\">\n<div class=\"wp-block-column is-layout-flow wp-block-column-is-layout-flow\"><style>.kb-image7243_8186aa-0c .kb-image-has-overlay:after{opacity:0.3;}<\/style>\n<figure class=\"wp-block-kadence-image kb-image7243_8186aa-0c size-full\"><img decoding=\"async\" width=\"690\" height=\"614\" src=\"https:\/\/revita-clinic.eu\/wp-content\/uploads\/2025\/06\/c29.jpg\" alt=\"\" class=\"kb-img wp-image-7217\" srcset=\"https:\/\/revita-clinic.eu\/wp-content\/uploads\/2025\/06\/c29.jpg 690w, https:\/\/revita-clinic.eu\/wp-content\/uploads\/2025\/06\/c29-300x267.jpg 300w\" sizes=\"(max-width: 690px) 100vw, 690px\" \/><\/figure>\n<\/div>\n\n\n\n<div class=\"wp-block-column is-vertically-aligned-center is-layout-flow wp-block-column-is-layout-flow\">\n<p><strong>Donat Mg:<\/strong><\/p>\n\n\n\n<ul class=\"wp-block-list\">\n<li>Poma\u017ee kod prekomjerne tjelesne te\u017eine, ubrzava peristaltiku i metabolizam, uklanja zatvor<\/li>\n\n\n\n<li>Smanjuje razinu \u0161e\u0107era u krvi i inzulinsku rezistenciju<\/li>\n\n\n\n<li>Poti\u010de lu\u010denje inzulina ako se pije prije obroka<\/li>\n\n\n\n<li>Smanjuje podra\u017eljivost stani\u010dnih membrana i poma\u017ee kod stresa<\/li>\n\n\n\n<li>Pobolj\u0161ava apsorpciju kalija, va\u017enog za \u017eiv\u010dane impulse i prevenciju aritmija<\/li>\n\n\n\n<li>Smanjuje veli\u010dinu ugru\u0161aka i rizik od tromboze<\/li>\n\n\n\n<li>Sni\u017eava krvni tlak<\/li>\n\n\n\n<li>Smanjuje rizik od prijevremenog poroda i gestacijskog dijabetesa<\/li>\n<\/ul>\n\n\n\n<p>Donat Mg nema nuspojava. Tako\u0111er se preporu\u010duje zdravim osobama za odr\u017eavanje normalne razine magnezija \u2014 elementa koji je klju\u010dan za pravilno funkcioniranje tijela.<\/p>\n<\/div>\n<\/div>\n\n\n<style>.wp-block-kadence-advancedbtn.kb-btns7243_1c9bf5-8c{gap:var(--global-kb-gap-xs, 0.5rem );justify-content:center;align-items:center;}.kt-btns7243_1c9bf5-8c .kt-button{font-weight:normal;font-style:normal;}.kt-btns7243_1c9bf5-8c .kt-btn-wrap-0{margin-right:5px;}.wp-block-kadence-advancedbtn.kt-btns7243_1c9bf5-8c .kt-btn-wrap-0 .kt-button{color:#555555;border-color:#555555;}.wp-block-kadence-advancedbtn.kt-btns7243_1c9bf5-8c .kt-btn-wrap-0 .kt-button:hover, .wp-block-kadence-advancedbtn.kt-btns7243_1c9bf5-8c .kt-btn-wrap-0 .kt-button:focus{color:#ffffff;border-color:#444444;}.wp-block-kadence-advancedbtn.kt-btns7243_1c9bf5-8c .kt-btn-wrap-0 .kt-button::before{display:none;}.wp-block-kadence-advancedbtn.kt-btns7243_1c9bf5-8c .kt-btn-wrap-0 .kt-button:hover, .wp-block-kadence-advancedbtn.kt-btns7243_1c9bf5-8c .kt-btn-wrap-0 .kt-button:focus{background:#444444;}<\/style>\n<div class=\"wp-block-kadence-advancedbtn kb-buttons-wrap kb-btns7243_1c9bf5-8c\"><style>.wp-block-kadence-advancedbtn .kb-btn7243_53a181-2a.kb-button{color:#000000;border-top-left-radius:10px;border-top-right-radius:10px;border-bottom-right-radius:10px;border-bottom-left-radius:10px;border-top:1px solid #000000;border-right:1px solid #000000;border-bottom:1px solid #000000;border-left:1px solid #000000;padding-top:var(--global-kb-spacing-xs, 1rem);padding-right:var(--global-kb-spacing-xs, 1rem);padding-bottom:var(--global-kb-spacing-xs, 1rem);padding-left:var(--global-kb-spacing-xs, 1rem);}@media all and (max-width: 1024px){.wp-block-kadence-advancedbtn .kb-btn7243_53a181-2a.kb-button{border-top:1px solid #000000;border-right:1px solid #000000;border-bottom:1px solid #000000;border-left:1px solid #000000;}}@media all and (max-width: 767px){.wp-block-kadence-advancedbtn .kb-btn7243_53a181-2a.kb-button{border-top:1px solid #000000;border-right:1px solid #000000;border-bottom:1px solid #000000;border-left:1px solid #000000;}}<\/style><span class=\"kb-button kt-button button kb-btn7243_53a181-2a kt-btn-size-standard kt-btn-width-type-fixed kb-btn-global-outline  kt-btn-has-text-true kt-btn-has-svg-true  contact-open wp-block-kadence-singlebtn\"><span class=\"kt-btn-inner-text\">Po\u0161aljite zahtjev<\/span><span class=\"kb-svg-icon-wrap kb-svg-icon-fe_arrowRight kt-btn-icon-side-right\"><svg viewBox=\"0 0 24 24\"  fill=\"none\" stroke=\"currentColor\" stroke-width=\"2\" stroke-linecap=\"round\" stroke-linejoin=\"round\" xmlns=\"http:\/\/www.w3.org\/2000\/svg\"  aria-hidden=\"true\"><line x1=\"5\" y1=\"12\" x2=\"19\" y2=\"12\"\/><polyline points=\"12 5 19 12 12 19\"\/><\/svg><\/span><\/span><\/div>\n<\/div><\/div>\n","protected":false},"excerpt":{"rendered":"<p>Mineralna voda Donat Mg prvi put je spomenuta u kronikama 1411. godine. Godine 1680. profesor&hellip;<\/p>\n","protected":false},"author":1,"featured_media":7237,"parent":0,"menu_order":0,"comment_status":"closed","ping_status":"closed","template":"","meta":{"_acf_changed":false,"footnotes":""},"class_list":["post-7243","page","type-page","status-publish","has-post-thumbnail","hentry"],"acf":[],"_links":{"self":[{"href":"https:\/\/revita-clinic.eu\/hr\/wp-json\/wp\/v2\/pages\/7243","targetHints":{"allow":["GET"]}}],"collection":[{"href":"https:\/\/revita-clinic.eu\/hr\/wp-json\/wp\/v2\/pages"}],"about":[{"href":"https:\/\/revita-clinic.eu\/hr\/wp-json\/wp\/v2\/types\/page"}],"author":[{"embeddable":true,"href":"https:\/\/revita-clinic.eu\/hr\/wp-json\/wp\/v2\/users\/1"}],"replies":[{"embeddable":true,"href":"https:\/\/revita-clinic.eu\/hr\/wp-json\/wp\/v2\/comments?post=7243"}],"version-history":[{"count":0,"href":"https:\/\/revita-clinic.eu\/hr\/wp-json\/wp\/v2\/pages\/7243\/revisions"}],"wp:featuredmedia":[{"embeddable":true,"href":"https:\/\/revita-clinic.eu\/hr\/wp-json\/wp\/v2\/media\/7237"}],"wp:attachment":[{"href":"https:\/\/revita-clinic.eu\/hr\/wp-json\/wp\/v2\/media?parent=7243"}],"curies":[{"name":"wp","href":"https:\/\/api.w.org\/{rel}","templated":true}]}}