{"id":2940,"date":"2024-09-17T21:46:01","date_gmt":"2024-09-17T19:46:01","guid":{"rendered":"https:\/\/revita-clinic.eu\/restaurant\/"},"modified":"2026-02-25T13:13:21","modified_gmt":"2026-02-25T11:13:21","slug":"restaurant","status":"publish","type":"page","link":"https:\/\/revita-clinic.eu\/it\/restaurant\/","title":{"rendered":"Ristorante"},"content":{"rendered":"\n<div class=\"wp-block-group alignfull about\"><div class=\"wp-block-group__inner-container is-layout-constrained wp-block-group-is-layout-constrained\">\n<div class=\"wp-block-columns is-layout-flex wp-container-core-columns-is-layout-9d6595d7 wp-block-columns-is-layout-flex\">\n<div class=\"wp-block-column is-vertically-aligned-center is-layout-flow wp-block-column-is-layout-flow\">\n<h4 class=\"wp-block-heading has-text-align-left\">L&#8217;unico ristorante di mindful eating in Slovenia<\/h4>\n\n\n\n<p>Uno dei fattori chiave del successo di qualsiasi programma terapeutico nella nostra clinica \u00e8 una corretta alimentazione. Il trattamento \u00e8 efficace e ha un effetto duraturo solo quando agisce sia dall&#8217;esterno che dall&#8217;interno.<\/p>\n\n\n\n<p>Per questo motivo, per i nostri pazienti, abbiamo aperto il ristorante di mindful eating Donatella! Un luogo dove l&#8217;arte culinaria incontra la scienza della salute e della longevit\u00e0. Qui, a &#8220;Donatella&#8221;, sappiamo con certezza che il cibo pu\u00f2 essere non solo un modo per nutrirsi, ma anche una medicina naturale.<\/p>\n<\/div>\n\n\n\n<div class=\"wp-block-column is-layout-flow wp-block-column-is-layout-flow\"><style>.kb-gallery-id-2940_3f9c93-fb .kadence-blocks-gallery-item .kb-gal-image-radius, .kb-gallery-id-2940_3f9c93-fb .kb-slide-item .kb-gal-image-radius img{border-radius:0px 0px 0px 0px;;}.kb-gallery-wrap-id-2940_3f9c93-fb.wp-block-kadence-advancedgallery{overflow:visible;}.kb-gallery-wrap-id-2940_3f9c93-fb.wp-block-kadence-advancedgallery .kt-blocks-carousel{overflow:visible;}<\/style><div class=\"kb-gallery-wrap-id-2940_3f9c93-fb alignnone wp-block-kadence-advancedgallery\"><div class=\"kb-gallery-ul kb-gallery-non-static kb-gallery-type-slider kb-gallery-id-2940_3f9c93-fb kb-gallery-caption-style-bottom-hover kb-gallery-filter-none\" data-image-filter=\"none\" data-lightbox-caption=\"true\"><div class=\"kt-blocks-carousel kt-carousel-container-dotstyle-outlinedark\"><div class=\"kt-blocks-carousel-init kb-blocks-slider kt-carousel-arrowstyle-outlinewhite kt-carousel-dotstyle-outlinedark kb-slider-group-arrow kb-slider-arrow-position-center\" data-slider-anim-speed=\"1790\" data-slider-scroll=\"1\" data-slider-arrows=\"true\" data-slider-fade=\"true\" data-slider-dots=\"true\"data-slider-type=\"slider\"  data-slider-hover-pause=\"false\" data-slider-auto=\"\" data-slider-speed=\"3080\" data-show-pause-button=\"false\"><li class=\"kb-slide-item kb-gallery-slide-item\"><div class=\"kadence-blocks-gallery-item\"><div class=\"kadence-blocks-gallery-item-inner\"><figure class=\"kb-gallery-figure kadence-blocks-gallery-item-hide-caption\"><div class=\"kb-gal-image-radius\"><div class=\"kb-gallery-image-contain kadence-blocks-gallery-intrinsic kb-gallery-image-ratio-land32 kb-has-image-ratio-land32\" ><img decoding=\"async\" src=\"https:\/\/revita-clinic.eu\/wp-content\/uploads\/2024\/12\/r4.jpg\" width=\"617\" height=\"415\" alt=\"\" data-full-image=\"https:\/\/revita-clinic.eu\/wp-content\/uploads\/2024\/12\/r4.jpg\" data-light-image=\"https:\/\/revita-clinic.eu\/wp-content\/uploads\/2024\/12\/r4.jpg\" data-id=\"2950\" class=\"wp-image-2950 skip-lazy\" srcset=\"https:\/\/revita-clinic.eu\/wp-content\/uploads\/2024\/12\/r4.jpg 617w, https:\/\/revita-clinic.eu\/wp-content\/uploads\/2024\/12\/r4-300x202.jpg 300w\" sizes=\"(max-width: 617px) 100vw, 617px\" \/><\/div><\/div><\/figure><\/div><\/div><\/li><li class=\"kb-slide-item kb-gallery-slide-item\"><div class=\"kadence-blocks-gallery-item\"><div class=\"kadence-blocks-gallery-item-inner\"><figure class=\"kb-gallery-figure kadence-blocks-gallery-item-hide-caption\"><div class=\"kb-gal-image-radius\"><div class=\"kb-gallery-image-contain kadence-blocks-gallery-intrinsic kb-gallery-image-ratio-land32 kb-has-image-ratio-land32\" ><img decoding=\"async\" src=\"https:\/\/revita-clinic.eu\/wp-content\/uploads\/2024\/12\/r1.jpg\" width=\"617\" height=\"415\" alt=\"\" data-full-image=\"https:\/\/revita-clinic.eu\/wp-content\/uploads\/2024\/12\/r1.jpg\" data-light-image=\"https:\/\/revita-clinic.eu\/wp-content\/uploads\/2024\/12\/r1.jpg\" data-id=\"2951\" class=\"wp-image-2951 skip-lazy\" srcset=\"https:\/\/revita-clinic.eu\/wp-content\/uploads\/2024\/12\/r1.jpg 617w, https:\/\/revita-clinic.eu\/wp-content\/uploads\/2024\/12\/r1-300x202.jpg 300w\" sizes=\"(max-width: 617px) 100vw, 617px\" \/><\/div><\/div><\/figure><\/div><\/div><\/li><li class=\"kb-slide-item kb-gallery-slide-item\"><div class=\"kadence-blocks-gallery-item\"><div class=\"kadence-blocks-gallery-item-inner\"><figure class=\"kb-gallery-figure kadence-blocks-gallery-item-hide-caption\"><div class=\"kb-gal-image-radius\"><div class=\"kb-gallery-image-contain kadence-blocks-gallery-intrinsic kb-gallery-image-ratio-land32 kb-has-image-ratio-land32\" ><img decoding=\"async\" src=\"https:\/\/revita-clinic.eu\/wp-content\/uploads\/2024\/12\/r3.jpg\" width=\"617\" height=\"415\" alt=\"\" data-full-image=\"https:\/\/revita-clinic.eu\/wp-content\/uploads\/2024\/12\/r3.jpg\" data-light-image=\"https:\/\/revita-clinic.eu\/wp-content\/uploads\/2024\/12\/r3.jpg\" data-id=\"2953\" class=\"wp-image-2953 skip-lazy\" srcset=\"https:\/\/revita-clinic.eu\/wp-content\/uploads\/2024\/12\/r3.jpg 617w, https:\/\/revita-clinic.eu\/wp-content\/uploads\/2024\/12\/r3-300x202.jpg 300w\" sizes=\"(max-width: 617px) 100vw, 617px\" \/><\/div><\/div><\/figure><\/div><\/div><\/li><li class=\"kb-slide-item kb-gallery-slide-item\"><div class=\"kadence-blocks-gallery-item\"><div class=\"kadence-blocks-gallery-item-inner\"><figure class=\"kb-gallery-figure kadence-blocks-gallery-item-hide-caption\"><div class=\"kb-gal-image-radius\"><div class=\"kb-gallery-image-contain kadence-blocks-gallery-intrinsic kb-gallery-image-ratio-land32 kb-has-image-ratio-land32\" ><img decoding=\"async\" src=\"https:\/\/revita-clinic.eu\/wp-content\/uploads\/2026\/02\/20251215_hotelaleksander_2025_december_fullsize-095-1-1024x683.jpg\" width=\"1024\" height=\"683\" alt=\"\" data-full-image=\"https:\/\/revita-clinic.eu\/wp-content\/uploads\/2026\/02\/20251215_hotelaleksander_2025_december_fullsize-095-1-scaled.jpg\" data-light-image=\"https:\/\/revita-clinic.eu\/wp-content\/uploads\/2026\/02\/20251215_hotelaleksander_2025_december_fullsize-095-1-scaled.jpg\" data-id=\"16619\" class=\"wp-image-16619 skip-lazy\" srcset=\"https:\/\/revita-clinic.eu\/wp-content\/uploads\/2026\/02\/20251215_hotelaleksander_2025_december_fullsize-095-1-1024x683.jpg 1024w, https:\/\/revita-clinic.eu\/wp-content\/uploads\/2026\/02\/20251215_hotelaleksander_2025_december_fullsize-095-1-300x200.jpg 300w, https:\/\/revita-clinic.eu\/wp-content\/uploads\/2026\/02\/20251215_hotelaleksander_2025_december_fullsize-095-1-768x512.jpg 768w, https:\/\/revita-clinic.eu\/wp-content\/uploads\/2026\/02\/20251215_hotelaleksander_2025_december_fullsize-095-1-1536x1024.jpg 1536w, https:\/\/revita-clinic.eu\/wp-content\/uploads\/2026\/02\/20251215_hotelaleksander_2025_december_fullsize-095-1-2048x1365.jpg 2048w, https:\/\/revita-clinic.eu\/wp-content\/uploads\/2026\/02\/20251215_hotelaleksander_2025_december_fullsize-095-1-1320x880.jpg 1320w\" sizes=\"(max-width: 1024px) 100vw, 1024px\" \/><\/div><\/div><\/figure><\/div><\/div><\/li><li class=\"kb-slide-item kb-gallery-slide-item\"><div class=\"kadence-blocks-gallery-item\"><div class=\"kadence-blocks-gallery-item-inner\"><figure class=\"kb-gallery-figure kadence-blocks-gallery-item-hide-caption\"><div class=\"kb-gal-image-radius\"><div class=\"kb-gallery-image-contain kadence-blocks-gallery-intrinsic kb-gallery-image-ratio-land32 kb-has-image-ratio-land32\" ><img decoding=\"async\" src=\"https:\/\/revita-clinic.eu\/wp-content\/uploads\/2026\/02\/20260112_hotelaleksander_2026_january_fullsize-57-1024x683.jpg\" width=\"1024\" height=\"683\" alt=\"\" data-full-image=\"https:\/\/revita-clinic.eu\/wp-content\/uploads\/2026\/02\/20260112_hotelaleksander_2026_january_fullsize-57-scaled.jpg\" data-light-image=\"https:\/\/revita-clinic.eu\/wp-content\/uploads\/2026\/02\/20260112_hotelaleksander_2026_january_fullsize-57-scaled.jpg\" data-id=\"16625\" class=\"wp-image-16625 skip-lazy\" srcset=\"https:\/\/revita-clinic.eu\/wp-content\/uploads\/2026\/02\/20260112_hotelaleksander_2026_january_fullsize-57-1024x683.jpg 1024w, https:\/\/revita-clinic.eu\/wp-content\/uploads\/2026\/02\/20260112_hotelaleksander_2026_january_fullsize-57-300x200.jpg 300w, https:\/\/revita-clinic.eu\/wp-content\/uploads\/2026\/02\/20260112_hotelaleksander_2026_january_fullsize-57-768x512.jpg 768w, https:\/\/revita-clinic.eu\/wp-content\/uploads\/2026\/02\/20260112_hotelaleksander_2026_january_fullsize-57-1536x1024.jpg 1536w, https:\/\/revita-clinic.eu\/wp-content\/uploads\/2026\/02\/20260112_hotelaleksander_2026_january_fullsize-57-2048x1365.jpg 2048w, https:\/\/revita-clinic.eu\/wp-content\/uploads\/2026\/02\/20260112_hotelaleksander_2026_january_fullsize-57-1320x880.jpg 1320w\" sizes=\"(max-width: 1024px) 100vw, 1024px\" \/><\/div><\/div><\/figure><\/div><\/div><\/li><li class=\"kb-slide-item kb-gallery-slide-item\"><div class=\"kadence-blocks-gallery-item\"><div class=\"kadence-blocks-gallery-item-inner\"><figure class=\"kb-gallery-figure kadence-blocks-gallery-item-hide-caption\"><div class=\"kb-gal-image-radius\"><div class=\"kb-gallery-image-contain kadence-blocks-gallery-intrinsic kb-gallery-image-ratio-land32 kb-has-image-ratio-land32\" ><img decoding=\"async\" src=\"https:\/\/revita-clinic.eu\/wp-content\/uploads\/2026\/02\/20260112_hotelaleksander_2026_january_fullsize-61-1-1024x683.jpg\" width=\"1024\" height=\"683\" alt=\"\" data-full-image=\"https:\/\/revita-clinic.eu\/wp-content\/uploads\/2026\/02\/20260112_hotelaleksander_2026_january_fullsize-61-1-scaled.jpg\" data-light-image=\"https:\/\/revita-clinic.eu\/wp-content\/uploads\/2026\/02\/20260112_hotelaleksander_2026_january_fullsize-61-1-scaled.jpg\" data-id=\"16631\" class=\"wp-image-16631 skip-lazy\" srcset=\"https:\/\/revita-clinic.eu\/wp-content\/uploads\/2026\/02\/20260112_hotelaleksander_2026_january_fullsize-61-1-1024x683.jpg 1024w, https:\/\/revita-clinic.eu\/wp-content\/uploads\/2026\/02\/20260112_hotelaleksander_2026_january_fullsize-61-1-300x200.jpg 300w, https:\/\/revita-clinic.eu\/wp-content\/uploads\/2026\/02\/20260112_hotelaleksander_2026_january_fullsize-61-1-768x512.jpg 768w, https:\/\/revita-clinic.eu\/wp-content\/uploads\/2026\/02\/20260112_hotelaleksander_2026_january_fullsize-61-1-1536x1024.jpg 1536w, https:\/\/revita-clinic.eu\/wp-content\/uploads\/2026\/02\/20260112_hotelaleksander_2026_january_fullsize-61-1-2048x1365.jpg 2048w, https:\/\/revita-clinic.eu\/wp-content\/uploads\/2026\/02\/20260112_hotelaleksander_2026_january_fullsize-61-1-1320x880.jpg 1320w\" sizes=\"(max-width: 1024px) 100vw, 1024px\" \/><\/div><\/div><\/figure><\/div><\/div><\/li><li class=\"kb-slide-item kb-gallery-slide-item\"><div class=\"kadence-blocks-gallery-item\"><div class=\"kadence-blocks-gallery-item-inner\"><figure class=\"kb-gallery-figure kadence-blocks-gallery-item-hide-caption\"><div class=\"kb-gal-image-radius\"><div class=\"kb-gallery-image-contain kadence-blocks-gallery-intrinsic kb-gallery-image-ratio-land32 kb-has-image-ratio-land32\" ><img decoding=\"async\" src=\"https:\/\/revita-clinic.eu\/wp-content\/uploads\/2026\/02\/20251215_hotelaleksander_2025_december_fullsize-111-1-1-1024x683.jpg\" width=\"1024\" height=\"683\" alt=\"\" data-full-image=\"https:\/\/revita-clinic.eu\/wp-content\/uploads\/2026\/02\/20251215_hotelaleksander_2025_december_fullsize-111-1-1-scaled.jpg\" data-light-image=\"https:\/\/revita-clinic.eu\/wp-content\/uploads\/2026\/02\/20251215_hotelaleksander_2025_december_fullsize-111-1-1-scaled.jpg\" data-id=\"16642\" class=\"wp-image-16642 skip-lazy\" srcset=\"https:\/\/revita-clinic.eu\/wp-content\/uploads\/2026\/02\/20251215_hotelaleksander_2025_december_fullsize-111-1-1-1024x683.jpg 1024w, https:\/\/revita-clinic.eu\/wp-content\/uploads\/2026\/02\/20251215_hotelaleksander_2025_december_fullsize-111-1-1-300x200.jpg 300w, https:\/\/revita-clinic.eu\/wp-content\/uploads\/2026\/02\/20251215_hotelaleksander_2025_december_fullsize-111-1-1-768x512.jpg 768w, https:\/\/revita-clinic.eu\/wp-content\/uploads\/2026\/02\/20251215_hotelaleksander_2025_december_fullsize-111-1-1-1536x1024.jpg 1536w, https:\/\/revita-clinic.eu\/wp-content\/uploads\/2026\/02\/20251215_hotelaleksander_2025_december_fullsize-111-1-1-2048x1365.jpg 2048w, https:\/\/revita-clinic.eu\/wp-content\/uploads\/2026\/02\/20251215_hotelaleksander_2025_december_fullsize-111-1-1-1320x880.jpg 1320w\" sizes=\"(max-width: 1024px) 100vw, 1024px\" \/><\/div><\/div><\/figure><\/div><\/div><\/li><li class=\"kb-slide-item kb-gallery-slide-item\"><div class=\"kadence-blocks-gallery-item\"><div class=\"kadence-blocks-gallery-item-inner\"><figure class=\"kb-gallery-figure kadence-blocks-gallery-item-hide-caption\"><div class=\"kb-gal-image-radius\"><div class=\"kb-gallery-image-contain kadence-blocks-gallery-intrinsic kb-gallery-image-ratio-land32 kb-has-image-ratio-land32\" ><img decoding=\"async\" src=\"https:\/\/revita-clinic.eu\/wp-content\/uploads\/2026\/02\/20251215_hotelaleksander_2025_december_fullsize-104-2-1-1024x683.jpg\" width=\"1024\" height=\"683\" alt=\"\" data-full-image=\"https:\/\/revita-clinic.eu\/wp-content\/uploads\/2026\/02\/20251215_hotelaleksander_2025_december_fullsize-104-2-1-scaled.jpg\" data-light-image=\"https:\/\/revita-clinic.eu\/wp-content\/uploads\/2026\/02\/20251215_hotelaleksander_2025_december_fullsize-104-2-1-scaled.jpg\" data-id=\"16648\" class=\"wp-image-16648 skip-lazy\" srcset=\"https:\/\/revita-clinic.eu\/wp-content\/uploads\/2026\/02\/20251215_hotelaleksander_2025_december_fullsize-104-2-1-1024x683.jpg 1024w, https:\/\/revita-clinic.eu\/wp-content\/uploads\/2026\/02\/20251215_hotelaleksander_2025_december_fullsize-104-2-1-300x200.jpg 300w, https:\/\/revita-clinic.eu\/wp-content\/uploads\/2026\/02\/20251215_hotelaleksander_2025_december_fullsize-104-2-1-768x512.jpg 768w, https:\/\/revita-clinic.eu\/wp-content\/uploads\/2026\/02\/20251215_hotelaleksander_2025_december_fullsize-104-2-1-1536x1024.jpg 1536w, https:\/\/revita-clinic.eu\/wp-content\/uploads\/2026\/02\/20251215_hotelaleksander_2025_december_fullsize-104-2-1-2048x1365.jpg 2048w, https:\/\/revita-clinic.eu\/wp-content\/uploads\/2026\/02\/20251215_hotelaleksander_2025_december_fullsize-104-2-1-1320x880.jpg 1320w\" sizes=\"(max-width: 1024px) 100vw, 1024px\" \/><\/div><\/div><\/figure><\/div><\/div><\/li><\/div><\/div><\/div><\/div><\/div>\n<\/div>\n<\/div><\/div>\n\n\n\n<div class=\"wp-block-group alignfull second\"><div class=\"wp-block-group__inner-container is-layout-constrained wp-block-group-is-layout-constrained\">\n<div class=\"wp-block-columns is-layout-flex wp-container-core-columns-is-layout-9d6595d7 wp-block-columns-is-layout-flex\">\n<div class=\"wp-block-column is-layout-flow wp-block-column-is-layout-flow\"><\/div>\n\n\n\n<div class=\"wp-block-column quot is-layout-flow wp-block-column-is-layout-flow\" style=\"flex-basis:67%\"><style>.kb-image2940_18e01e-08 .kb-image-has-overlay:after{opacity:0.3;}.kb-image2940_18e01e-08 img.kb-img, .kb-image2940_18e01e-08 .kb-img img{-webkit-mask-image:url(https:\/\/revita-clinic.eu\/wp-content\/plugins\/kadence-blocks\/includes\/assets\/images\/masks\/circle.svg);mask-image:url(https:\/\/revita-clinic.eu\/wp-content\/plugins\/kadence-blocks\/includes\/assets\/images\/masks\/circle.svg);-webkit-mask-size:auto;mask-size:auto;-webkit-mask-repeat:no-repeat;mask-repeat:no-repeat;-webkit-mask-position:center;mask-position:center;}<\/style>\n<figure class=\"wp-block-kadence-image kb-image2940_18e01e-08 size-medium\"><img decoding=\"async\" width=\"300\" height=\"300\" src=\"https:\/\/revita-clinic.eu\/wp-content\/uploads\/2025\/05\/cus-300x300.jpg\" alt=\"\" class=\"kb-img wp-image-6571\" srcset=\"https:\/\/revita-clinic.eu\/wp-content\/uploads\/2025\/05\/cus-300x300.jpg 300w, https:\/\/revita-clinic.eu\/wp-content\/uploads\/2025\/05\/cus.jpg 450w\" sizes=\"(max-width: 300px) 100vw, 300px\" \/><figcaption>Chef<br>Vitaliy Baranov<\/figcaption><\/figure>\n\n\n\n<p>Il nostro approccio \u00e8 semplice, ma profondo: ogni ingrediente, ogni piatto \u00e8 preparato con consapevolezza e cura. I cuochi del ristorante lavorano a stretto contatto con gli esperti medici della clinica di longevit\u00e0 biologica &#8220;Revita&#8221; per sviluppare un menu che si adatti a ciascun programma terapeutico, tenendo conto delle caratteristiche individuali del paziente.<\/p>\n<\/div>\n\n\n\n<div class=\"wp-block-column is-layout-flow wp-block-column-is-layout-flow\"><\/div>\n<\/div>\n<\/div><\/div>\n\n\n\n<div class=\"wp-block-group alignfull\"><div class=\"wp-block-group__inner-container is-layout-constrained wp-block-group-is-layout-constrained\">\n<div class=\"wp-block-columns food is-layout-flex wp-container-core-columns-is-layout-9d6595d7 wp-block-columns-is-layout-flex\">\n<div class=\"wp-block-column is-layout-flow wp-block-column-is-layout-flow\">\n<p>Tutti i nostri ingredienti provengono da agricoltori locali certificati, garantendo la loro alta qualit\u00e0 e freschezza. Crediamo nella forza della natura, quindi ogni prodotto \u00e8 selezionato con attenzione per migliorare il tuo benessere.<\/p>\n\n\n\n<p>L&#8217;ingrediente principale \u00e8 l&#8217;amore, quindi la nostra alimentazione sana \u00e8 anche molto gustosa. I nostri chef sono in grado di combinare in modo sorprendente ingredienti salutari, trasformando ogni piatto in un capolavoro sia visivamente che dal punto di vista del gusto! Basta provare!<\/p>\n<\/div>\n\n\n\n<div class=\"wp-block-column is-layout-flow wp-block-column-is-layout-flow\"><\/div>\n\n\n\n<div class=\"wp-block-column is-layout-flow wp-block-column-is-layout-flow\">\n<p>Inoltre, coltiviamo il mindful eating, un approccio al cibo basato sulla consapevolezza e sull&#8217;attenzione durante i pasti. \u00c8 un modo di interagire con il cibo che aiuta a riconoscere meglio le proprie esigenze fisiche ed emotive, oltre a offrire pi\u00f9 piacere e benefici dal cibo.<\/p>\n\n\n\n<p>Scopri le propriet\u00e0 di vari ingredienti e come possono aiutarti con la tua condizione, in modo da poter mantenere una dieta sana anche a casa, prolungando cos\u00ec gli effetti del programma terapeutico.<\/p>\n<\/div>\n<\/div>\n\n\n\n<div class=\"wp-block-columns sous is-layout-flex wp-container-core-columns-is-layout-9d6595d7 wp-block-columns-is-layout-flex\">\n<div class=\"wp-block-column is-layout-flow wp-block-column-is-layout-flow\"><style>.kb-image2940_88a3fc-33 .kb-image-has-overlay:after{opacity:0.3;}<\/style>\n<figure class=\"wp-block-kadence-image kb-image2940_88a3fc-33 size-full\"><img decoding=\"async\" width=\"617\" height=\"415\" src=\"https:\/\/revita-clinic.eu\/wp-content\/uploads\/2024\/12\/r2.jpg\" alt=\"\" class=\"kb-img wp-image-2233\" srcset=\"https:\/\/revita-clinic.eu\/wp-content\/uploads\/2024\/12\/r2.jpg 617w, https:\/\/revita-clinic.eu\/wp-content\/uploads\/2024\/12\/r2-300x202.jpg 300w\" sizes=\"(max-width: 617px) 100vw, 617px\" \/><\/figure>\n<\/div>\n\n\n\n<div class=\"wp-block-column is-vertically-aligned-center is-layout-flow wp-block-column-is-layout-flow\">\n<p class=\"sous\">La maggior parte dei piatti del nostro ristorante \u00e8 preparata con il metodo&nbsp;<strong>sous-vide<\/strong>. Questo metodo prevede che i prodotti vengano cotti in speciali sacchetti sottovuoto a temperature basse e controllate, un processo che pu\u00f2 durare da alcune ore fino a diversi giorni.<\/p>\n\n\n\n<p>Grazie alle basse temperature (di solito tra i 50 e i 90\u00b0C) e all&#8217;assenza di contatto con l&#8217;aria, vengono preservati vitamine, minerali e altre sostanze nutritive che si distruggerebbero con la cottura tradizionale. Il sottovuoto trattiene i succhi naturali e gli aromi, evitando che si disperdano. Questo rende il sapore del piatto pi\u00f9 ricco. Il metodo permette di cucinare con una quantit\u00e0 minima di olio o sale, mantenendo intatto il gusto naturale degli ingredienti.<\/p>\n\n\n\n<p>Ecco perch\u00e9 il cibo nel nostro ristorante \u00e8 cos\u00ec gustoso e salutare!<\/p>\n<\/div>\n<\/div>\n<\/div><\/div>\n","protected":false},"excerpt":{"rendered":"<p>L&#8217;unico ristorante di mindful eating in Slovenia Uno dei fattori chiave del successo di qualsiasi&hellip;<\/p>\n","protected":false},"author":1,"featured_media":9453,"parent":0,"menu_order":0,"comment_status":"closed","ping_status":"closed","template":"","meta":{"_acf_changed":false,"footnotes":""},"class_list":["post-2940","page","type-page","status-publish","has-post-thumbnail","hentry"],"acf":[],"_links":{"self":[{"href":"https:\/\/revita-clinic.eu\/it\/wp-json\/wp\/v2\/pages\/2940","targetHints":{"allow":["GET"]}}],"collection":[{"href":"https:\/\/revita-clinic.eu\/it\/wp-json\/wp\/v2\/pages"}],"about":[{"href":"https:\/\/revita-clinic.eu\/it\/wp-json\/wp\/v2\/types\/page"}],"author":[{"embeddable":true,"href":"https:\/\/revita-clinic.eu\/it\/wp-json\/wp\/v2\/users\/1"}],"replies":[{"embeddable":true,"href":"https:\/\/revita-clinic.eu\/it\/wp-json\/wp\/v2\/comments?post=2940"}],"version-history":[{"count":1,"href":"https:\/\/revita-clinic.eu\/it\/wp-json\/wp\/v2\/pages\/2940\/revisions"}],"predecessor-version":[{"id":16660,"href":"https:\/\/revita-clinic.eu\/it\/wp-json\/wp\/v2\/pages\/2940\/revisions\/16660"}],"wp:featuredmedia":[{"embeddable":true,"href":"https:\/\/revita-clinic.eu\/it\/wp-json\/wp\/v2\/media\/9453"}],"wp:attachment":[{"href":"https:\/\/revita-clinic.eu\/it\/wp-json\/wp\/v2\/media?parent=2940"}],"curies":[{"name":"wp","href":"https:\/\/api.w.org\/{rel}","templated":true}]}}