{"id":7245,"date":"2025-06-12T11:19:42","date_gmt":"2025-06-12T09:19:42","guid":{"rendered":"https:\/\/revita-clinic.eu\/voda-donat\/"},"modified":"2025-06-12T12:47:22","modified_gmt":"2025-06-12T12:47:22","slug":"voda-donat","status":"publish","type":"page","link":"https:\/\/revita-clinic.eu\/it\/voda-donat\/","title":{"rendered":"Acqua curativa Donat"},"content":{"rendered":"\n<div class=\"wp-block-group alignfull about\"><div class=\"wp-block-group__inner-container is-layout-constrained wp-block-group-is-layout-constrained\">\n<div class=\"wp-block-columns is-layout-flex wp-container-core-columns-is-layout-9d6595d7 wp-block-columns-is-layout-flex\">\n<div class=\"wp-block-column is-vertically-aligned-center is-layout-flow wp-block-column-is-layout-flow\">\n<p>L&#8217;acqua minerale Donat Mg \u00e8 citata per la prima volta nelle cronache del 1411. Nel 1680, il professor Paul de Sorbet ne descrisse le propriet\u00e0 curative. Oggi l&#8217;effetto terapeutico di Donat Mg \u00e8 completamente provato, e i medici la raccomandano per diversi disturbi.<\/p>\n\n\n\n<p><strong>Propriet\u00e0 curative di Donat Mg<\/strong><\/p>\n\n\n\n<p>Un litro di questa acqua contiene 13 g di minerali, tra cui 1 g di magnesio e 300 mg di calcio. Il magnesio attiva oltre 300 processi biochimici nel corpo. Oltre al magnesio, Donat Mg contiene anche calcio, anidride carbonica, sodio, solfati e bicarbonati. Aiuta a colmare la carenza di magnesio che manca nell&#8217;acqua potabile comune.<\/p>\n<\/div>\n\n\n\n<div class=\"wp-block-column is-layout-flow wp-block-column-is-layout-flow\"><style>.kb-image7245_48905a-c6 .kb-image-has-overlay:after{opacity:0.3;}<\/style>\n<figure class=\"wp-block-kadence-image kb-image7245_48905a-c6 size-full\"><img decoding=\"async\" width=\"690\" height=\"460\" src=\"https:\/\/revita-clinic.eu\/wp-content\/uploads\/2025\/06\/c129.jpg\" alt=\"\" class=\"kb-img wp-image-7230\" srcset=\"https:\/\/revita-clinic.eu\/wp-content\/uploads\/2025\/06\/c129.jpg 690w, https:\/\/revita-clinic.eu\/wp-content\/uploads\/2025\/06\/c129-300x200.jpg 300w\" sizes=\"(max-width: 690px) 100vw, 690px\" \/><\/figure>\n<\/div>\n<\/div>\n\n\n\n<div class=\"wp-block-columns is-layout-flex wp-container-core-columns-is-layout-9d6595d7 wp-block-columns-is-layout-flex\">\n<div class=\"wp-block-column is-layout-flow wp-block-column-is-layout-flow\"><style>.kb-image7245_4d3acd-e1 .kb-image-has-overlay:after{opacity:0.3;}<\/style>\n<figure class=\"wp-block-kadence-image kb-image7245_4d3acd-e1 size-full\"><img decoding=\"async\" width=\"690\" height=\"614\" src=\"https:\/\/revita-clinic.eu\/wp-content\/uploads\/2025\/06\/c29.jpg\" alt=\"\" class=\"kb-img wp-image-7217\" srcset=\"https:\/\/revita-clinic.eu\/wp-content\/uploads\/2025\/06\/c29.jpg 690w, https:\/\/revita-clinic.eu\/wp-content\/uploads\/2025\/06\/c29-300x267.jpg 300w\" sizes=\"(max-width: 690px) 100vw, 690px\" \/><\/figure>\n<\/div>\n\n\n\n<div class=\"wp-block-column is-vertically-aligned-center is-layout-flow wp-block-column-is-layout-flow\">\n<p><strong>Donat Mg:<\/strong><\/p>\n\n\n\n<ul class=\"wp-block-list\">\n<li>Riduce il peso corporeo, accelera il metabolismo e la peristalsi, allevia la stitichezza<\/li>\n\n\n\n<li>Riduce la glicemia e l&#8217;insulino-resistenza<\/li>\n\n\n\n<li>Stimola la produzione di insulina se assunta prima dei pasti<\/li>\n\n\n\n<li>Riduce l&#8217;eccitabilit\u00e0 delle membrane cellulari e aiuta a gestire lo stress<\/li>\n\n\n\n<li>Migliora l&#8217;assorbimento del potassio, utile per la trasmissione nervosa e contro l&#8217;aritmia<\/li>\n\n\n\n<li>Riduce la dimensione dei coaguli e il rischio di trombosi<\/li>\n\n\n\n<li>Abbassa la pressione sanguigna<\/li>\n\n\n\n<li>Riduce il rischio di parto prematuro e diabete gestazionale<\/li>\n<\/ul>\n\n\n\n<p>Donat Mg non ha effetti collaterali. \u00c8 consigliata anche a persone sane per mantenere un corretto livello di magnesio \u2014 un elemento essenziale per il buon funzionamento dell\u2019organismo.<\/p>\n<\/div>\n<\/div>\n\n\n<style>.wp-block-kadence-advancedbtn.kb-btns7245_1bc1bb-d0{gap:var(--global-kb-gap-xs, 0.5rem );justify-content:center;align-items:center;}.kt-btns7245_1bc1bb-d0 .kt-button{font-weight:normal;font-style:normal;}.kt-btns7245_1bc1bb-d0 .kt-btn-wrap-0{margin-right:5px;}.wp-block-kadence-advancedbtn.kt-btns7245_1bc1bb-d0 .kt-btn-wrap-0 .kt-button{color:#555555;border-color:#555555;}.wp-block-kadence-advancedbtn.kt-btns7245_1bc1bb-d0 .kt-btn-wrap-0 .kt-button:hover, .wp-block-kadence-advancedbtn.kt-btns7245_1bc1bb-d0 .kt-btn-wrap-0 .kt-button:focus{color:#ffffff;border-color:#444444;}.wp-block-kadence-advancedbtn.kt-btns7245_1bc1bb-d0 .kt-btn-wrap-0 .kt-button::before{display:none;}.wp-block-kadence-advancedbtn.kt-btns7245_1bc1bb-d0 .kt-btn-wrap-0 .kt-button:hover, .wp-block-kadence-advancedbtn.kt-btns7245_1bc1bb-d0 .kt-btn-wrap-0 .kt-button:focus{background:#444444;}<\/style>\n<div class=\"wp-block-kadence-advancedbtn kb-buttons-wrap kb-btns7245_1bc1bb-d0\"><style>.wp-block-kadence-advancedbtn .kb-btn7245_5a44b1-da.kb-button{color:#000000;border-top-left-radius:10px;border-top-right-radius:10px;border-bottom-right-radius:10px;border-bottom-left-radius:10px;border-top:1px solid #000000;border-right:1px solid #000000;border-bottom:1px solid #000000;border-left:1px solid #000000;padding-top:var(--global-kb-spacing-xs, 1rem);padding-right:var(--global-kb-spacing-xs, 1rem);padding-bottom:var(--global-kb-spacing-xs, 1rem);padding-left:var(--global-kb-spacing-xs, 1rem);}@media all and (max-width: 1024px){.wp-block-kadence-advancedbtn .kb-btn7245_5a44b1-da.kb-button{border-top:1px solid #000000;border-right:1px solid #000000;border-bottom:1px solid #000000;border-left:1px solid #000000;}}@media all and (max-width: 767px){.wp-block-kadence-advancedbtn .kb-btn7245_5a44b1-da.kb-button{border-top:1px solid #000000;border-right:1px solid #000000;border-bottom:1px solid #000000;border-left:1px solid #000000;}}<\/style><span class=\"kb-button kt-button button kb-btn7245_5a44b1-da kt-btn-size-standard kt-btn-width-type-fixed kb-btn-global-outline  kt-btn-has-text-true kt-btn-has-svg-true  contact-open wp-block-kadence-singlebtn\"><span class=\"kt-btn-inner-text\">Invia una richiesta<\/span><span class=\"kb-svg-icon-wrap kb-svg-icon-fe_arrowRight kt-btn-icon-side-right\"><svg viewBox=\"0 0 24 24\"  fill=\"none\" stroke=\"currentColor\" stroke-width=\"2\" stroke-linecap=\"round\" stroke-linejoin=\"round\" xmlns=\"http:\/\/www.w3.org\/2000\/svg\"  aria-hidden=\"true\"><line x1=\"5\" y1=\"12\" x2=\"19\" y2=\"12\"\/><polyline points=\"12 5 19 12 12 19\"\/><\/svg><\/span><\/span><\/div>\n<\/div><\/div>\n","protected":false},"excerpt":{"rendered":"<p>L&#8217;acqua minerale Donat Mg \u00e8 citata per la prima volta nelle cronache del 1411. Nel&hellip;<\/p>\n","protected":false},"author":1,"featured_media":7239,"parent":0,"menu_order":0,"comment_status":"closed","ping_status":"closed","template":"","meta":{"_acf_changed":false,"footnotes":""},"class_list":["post-7245","page","type-page","status-publish","has-post-thumbnail","hentry"],"acf":[],"_links":{"self":[{"href":"https:\/\/revita-clinic.eu\/it\/wp-json\/wp\/v2\/pages\/7245","targetHints":{"allow":["GET"]}}],"collection":[{"href":"https:\/\/revita-clinic.eu\/it\/wp-json\/wp\/v2\/pages"}],"about":[{"href":"https:\/\/revita-clinic.eu\/it\/wp-json\/wp\/v2\/types\/page"}],"author":[{"embeddable":true,"href":"https:\/\/revita-clinic.eu\/it\/wp-json\/wp\/v2\/users\/1"}],"replies":[{"embeddable":true,"href":"https:\/\/revita-clinic.eu\/it\/wp-json\/wp\/v2\/comments?post=7245"}],"version-history":[{"count":0,"href":"https:\/\/revita-clinic.eu\/it\/wp-json\/wp\/v2\/pages\/7245\/revisions"}],"wp:featuredmedia":[{"embeddable":true,"href":"https:\/\/revita-clinic.eu\/it\/wp-json\/wp\/v2\/media\/7239"}],"wp:attachment":[{"href":"https:\/\/revita-clinic.eu\/it\/wp-json\/wp\/v2\/media?parent=7245"}],"curies":[{"name":"wp","href":"https:\/\/api.w.org\/{rel}","templated":true}]}}