{"id":1171,"date":"2024-09-17T21:46:01","date_gmt":"2024-09-17T19:46:01","guid":{"rendered":"https:\/\/revita-clinic.eu\/restaurant\/"},"modified":"2026-02-25T13:10:43","modified_gmt":"2026-02-25T11:10:43","slug":"restaurant","status":"publish","type":"page","link":"https:\/\/revita-clinic.eu\/sl\/restaurant\/","title":{"rendered":"Restavracija"},"content":{"rendered":"\n<div class=\"wp-block-group alignfull about\"><div class=\"wp-block-group__inner-container is-layout-constrained wp-block-group-is-layout-constrained\">\n<div class=\"wp-block-columns is-layout-flex wp-container-core-columns-is-layout-9d6595d7 wp-block-columns-is-layout-flex\">\n<div class=\"wp-block-column is-vertically-aligned-center is-layout-flow wp-block-column-is-layout-flow\">\n<h4 class=\"wp-block-heading has-text-align-left\">Edina restavracija zavedne prehrane v Sloveniji<\/h4>\n\n\n\n<p>Eden klju\u010dnih dejavnikov uspeha vsakega terapevtskega programa v na\u0161i kliniki je zdrava prehrana. Zdravljenje je u\u010dinkovito in ima dolgotrajen u\u010dinek le, ko deluje tako od zunaj kot od znotraj.<\/p>\n\n\n\n<p>Zato smo za na\u0161e paciente odprli restavracijo zavedne prehrane Donatella! To je kraj, kjer se kulinari\u010dna umetnost sre\u010da z znanostjo o zdravju in dolgo\u017eivosti. Tukaj, v Donatelli, dobro vemo, da hrana ni le vir nasi\u010denja, ampak tudi naravno zdravilo.<\/p>\n<\/div>\n\n\n\n<div class=\"wp-block-column is-layout-flow wp-block-column-is-layout-flow\"><style>.kb-gallery-id-1171_cf675a-9b .kadence-blocks-gallery-item .kb-gal-image-radius, .kb-gallery-id-1171_cf675a-9b .kb-slide-item .kb-gal-image-radius img{border-radius:0px 0px 0px 0px;;}.kb-gallery-wrap-id-1171_cf675a-9b.wp-block-kadence-advancedgallery{overflow:visible;}.kb-gallery-wrap-id-1171_cf675a-9b.wp-block-kadence-advancedgallery .kt-blocks-carousel{overflow:visible;}.kb-gallery-id-1171_cf675a-9b .splide.kt-carousel-dotstyle-outlinedark .splide__pagination__page{background-color:transparent;box-shadow:inset 0 0 0 1px #000;-webkit-transition:box-shadow 0.3s ease;-moz-transition:box-shadow 0.3s ease;transition:box-shadow 0.3s ease;}.kb-gallery-id-1171_cf675a-9b .splide.kt-carousel-dotstyle-outlinedark .splide__pagination__page.is-active{background-color:transparent;box-shadow:inset 0 0 0 8px #000;}<\/style><div class=\"kb-gallery-wrap-id-1171_cf675a-9b alignnone wp-block-kadence-advancedgallery\"><div class=\"kb-gallery-ul kb-gallery-non-static kb-gallery-type-slider kb-gallery-id-1171_cf675a-9b kb-gallery-caption-style-bottom-hover kb-gallery-filter-none\" data-image-filter=\"none\" data-lightbox-caption=\"true\"><div class=\"kt-blocks-carousel splide kt-carousel-container-dotstyle-outlinedark kt-carousel-arrowstyle-outlinewhite kt-carousel-dotstyle-outlinedark kb-slider-group-arrow kb-slider-arrow-position-center\" data-slider-anim-speed=\"1790\" data-slider-scroll=\"1\" data-slider-arrows=\"true\" data-slider-fade=\"true\" data-slider-dots=\"true\" data-slider-type=\"slider\" data-slider-hover-pause=\"false\" data-slider-auto=\"\" data-slider-speed=\"3080\" data-show-pause-button=\"false\"><div class=\"splide__track\"><ul class=\"kt-blocks-carousel-init kb-blocks-slider splide__list\"><li class=\"kb-slide-item kb-gallery-slide-item splide__slide\"><div class=\"kadence-blocks-gallery-item\"><div class=\"kadence-blocks-gallery-item-inner\"><figure class=\"kb-gallery-figure kadence-blocks-gallery-item-hide-caption\"><div class=\"kb-gal-image-radius\"><div class=\"kb-gallery-image-contain kadence-blocks-gallery-intrinsic kb-gallery-image-ratio-land32 kb-has-image-ratio-land32\" ><img decoding=\"async\" src=\"https:\/\/revita-clinic.eu\/wp-content\/uploads\/2024\/12\/r4.jpg\" width=\"617\" height=\"415\" alt=\"\" data-full-image=\"https:\/\/revita-clinic.eu\/wp-content\/uploads\/2024\/12\/r4.jpg\" data-light-image=\"https:\/\/revita-clinic.eu\/wp-content\/uploads\/2024\/12\/r4.jpg\" data-id=\"2228\" class=\"wp-image-2228 skip-lazy\" srcset=\"https:\/\/revita-clinic.eu\/wp-content\/uploads\/2024\/12\/r4.jpg 617w, https:\/\/revita-clinic.eu\/wp-content\/uploads\/2024\/12\/r4-300x202.jpg 300w\" sizes=\"(max-width: 617px) 100vw, 617px\" \/><\/div><\/div><\/figure><\/div><\/div><\/li><li class=\"kb-slide-item kb-gallery-slide-item splide__slide\"><div class=\"kadence-blocks-gallery-item\"><div class=\"kadence-blocks-gallery-item-inner\"><figure class=\"kb-gallery-figure kadence-blocks-gallery-item-hide-caption\"><div class=\"kb-gal-image-radius\"><div class=\"kb-gallery-image-contain kadence-blocks-gallery-intrinsic kb-gallery-image-ratio-land32 kb-has-image-ratio-land32\" ><img decoding=\"async\" src=\"https:\/\/revita-clinic.eu\/wp-content\/uploads\/2024\/12\/r1.jpg\" width=\"617\" height=\"415\" alt=\"\" data-full-image=\"https:\/\/revita-clinic.eu\/wp-content\/uploads\/2024\/12\/r1.jpg\" data-light-image=\"https:\/\/revita-clinic.eu\/wp-content\/uploads\/2024\/12\/r1.jpg\" data-id=\"2231\" class=\"wp-image-2231 skip-lazy\" srcset=\"https:\/\/revita-clinic.eu\/wp-content\/uploads\/2024\/12\/r1.jpg 617w, https:\/\/revita-clinic.eu\/wp-content\/uploads\/2024\/12\/r1-300x202.jpg 300w\" sizes=\"(max-width: 617px) 100vw, 617px\" \/><\/div><\/div><\/figure><\/div><\/div><\/li><li class=\"kb-slide-item kb-gallery-slide-item splide__slide\"><div class=\"kadence-blocks-gallery-item\"><div class=\"kadence-blocks-gallery-item-inner\"><figure class=\"kb-gallery-figure kadence-blocks-gallery-item-hide-caption\"><div class=\"kb-gal-image-radius\"><div class=\"kb-gallery-image-contain kadence-blocks-gallery-intrinsic kb-gallery-image-ratio-land32 kb-has-image-ratio-land32\" ><img decoding=\"async\" src=\"https:\/\/revita-clinic.eu\/wp-content\/uploads\/2024\/12\/r3.jpg\" width=\"617\" height=\"415\" alt=\"\" data-full-image=\"https:\/\/revita-clinic.eu\/wp-content\/uploads\/2024\/12\/r3.jpg\" data-light-image=\"https:\/\/revita-clinic.eu\/wp-content\/uploads\/2024\/12\/r3.jpg\" data-id=\"2237\" class=\"wp-image-2237 skip-lazy\" srcset=\"https:\/\/revita-clinic.eu\/wp-content\/uploads\/2024\/12\/r3.jpg 617w, https:\/\/revita-clinic.eu\/wp-content\/uploads\/2024\/12\/r3-300x202.jpg 300w\" sizes=\"(max-width: 617px) 100vw, 617px\" \/><\/div><\/div><\/figure><\/div><\/div><\/li><li class=\"kb-slide-item kb-gallery-slide-item splide__slide\"><div class=\"kadence-blocks-gallery-item\"><div class=\"kadence-blocks-gallery-item-inner\"><figure class=\"kb-gallery-figure kadence-blocks-gallery-item-hide-caption\"><div class=\"kb-gal-image-radius\"><div class=\"kb-gallery-image-contain kadence-blocks-gallery-intrinsic kb-gallery-image-ratio-land32 kb-has-image-ratio-land32\" ><img decoding=\"async\" src=\"https:\/\/revita-clinic.eu\/wp-content\/uploads\/2026\/02\/20251215_hotelaleksander_2025_december_fullsize-104-2-1-1024x683.jpg\" width=\"1024\" height=\"683\" alt=\"\" data-full-image=\"https:\/\/revita-clinic.eu\/wp-content\/uploads\/2026\/02\/20251215_hotelaleksander_2025_december_fullsize-104-2-1-scaled.jpg\" data-light-image=\"https:\/\/revita-clinic.eu\/wp-content\/uploads\/2026\/02\/20251215_hotelaleksander_2025_december_fullsize-104-2-1-scaled.jpg\" data-id=\"16649\" class=\"wp-image-16649 skip-lazy\" srcset=\"https:\/\/revita-clinic.eu\/wp-content\/uploads\/2026\/02\/20251215_hotelaleksander_2025_december_fullsize-104-2-1-1024x683.jpg 1024w, https:\/\/revita-clinic.eu\/wp-content\/uploads\/2026\/02\/20251215_hotelaleksander_2025_december_fullsize-104-2-1-300x200.jpg 300w, https:\/\/revita-clinic.eu\/wp-content\/uploads\/2026\/02\/20251215_hotelaleksander_2025_december_fullsize-104-2-1-768x512.jpg 768w, https:\/\/revita-clinic.eu\/wp-content\/uploads\/2026\/02\/20251215_hotelaleksander_2025_december_fullsize-104-2-1-1536x1024.jpg 1536w, https:\/\/revita-clinic.eu\/wp-content\/uploads\/2026\/02\/20251215_hotelaleksander_2025_december_fullsize-104-2-1-2048x1365.jpg 2048w, https:\/\/revita-clinic.eu\/wp-content\/uploads\/2026\/02\/20251215_hotelaleksander_2025_december_fullsize-104-2-1-1320x880.jpg 1320w\" sizes=\"(max-width: 1024px) 100vw, 1024px\" \/><\/div><\/div><\/figure><\/div><\/div><\/li><li class=\"kb-slide-item kb-gallery-slide-item splide__slide\"><div class=\"kadence-blocks-gallery-item\"><div class=\"kadence-blocks-gallery-item-inner\"><figure class=\"kb-gallery-figure kadence-blocks-gallery-item-hide-caption\"><div class=\"kb-gal-image-radius\"><div class=\"kb-gallery-image-contain kadence-blocks-gallery-intrinsic kb-gallery-image-ratio-land32 kb-has-image-ratio-land32\" ><img decoding=\"async\" src=\"https:\/\/revita-clinic.eu\/wp-content\/uploads\/2026\/02\/20251215_hotelaleksander_2025_december_fullsize-111-1-1-1024x683.jpg\" width=\"1024\" height=\"683\" alt=\"\" data-full-image=\"https:\/\/revita-clinic.eu\/wp-content\/uploads\/2026\/02\/20251215_hotelaleksander_2025_december_fullsize-111-1-1-scaled.jpg\" data-light-image=\"https:\/\/revita-clinic.eu\/wp-content\/uploads\/2026\/02\/20251215_hotelaleksander_2025_december_fullsize-111-1-1-scaled.jpg\" data-id=\"16643\" class=\"wp-image-16643 skip-lazy\" srcset=\"https:\/\/revita-clinic.eu\/wp-content\/uploads\/2026\/02\/20251215_hotelaleksander_2025_december_fullsize-111-1-1-1024x683.jpg 1024w, https:\/\/revita-clinic.eu\/wp-content\/uploads\/2026\/02\/20251215_hotelaleksander_2025_december_fullsize-111-1-1-300x200.jpg 300w, https:\/\/revita-clinic.eu\/wp-content\/uploads\/2026\/02\/20251215_hotelaleksander_2025_december_fullsize-111-1-1-768x512.jpg 768w, https:\/\/revita-clinic.eu\/wp-content\/uploads\/2026\/02\/20251215_hotelaleksander_2025_december_fullsize-111-1-1-1536x1024.jpg 1536w, https:\/\/revita-clinic.eu\/wp-content\/uploads\/2026\/02\/20251215_hotelaleksander_2025_december_fullsize-111-1-1-2048x1365.jpg 2048w, https:\/\/revita-clinic.eu\/wp-content\/uploads\/2026\/02\/20251215_hotelaleksander_2025_december_fullsize-111-1-1-1320x880.jpg 1320w\" sizes=\"(max-width: 1024px) 100vw, 1024px\" \/><\/div><\/div><\/figure><\/div><\/div><\/li><li class=\"kb-slide-item kb-gallery-slide-item splide__slide\"><div class=\"kadence-blocks-gallery-item\"><div class=\"kadence-blocks-gallery-item-inner\"><figure class=\"kb-gallery-figure kadence-blocks-gallery-item-hide-caption\"><div class=\"kb-gal-image-radius\"><div class=\"kb-gallery-image-contain kadence-blocks-gallery-intrinsic kb-gallery-image-ratio-land32 kb-has-image-ratio-land32\" ><img decoding=\"async\" src=\"https:\/\/revita-clinic.eu\/wp-content\/uploads\/2026\/02\/20260112_hotelaleksander_2026_january_fullsize-61-1-1024x683.jpg\" width=\"1024\" height=\"683\" alt=\"\" data-full-image=\"https:\/\/revita-clinic.eu\/wp-content\/uploads\/2026\/02\/20260112_hotelaleksander_2026_january_fullsize-61-1-scaled.jpg\" data-light-image=\"https:\/\/revita-clinic.eu\/wp-content\/uploads\/2026\/02\/20260112_hotelaleksander_2026_january_fullsize-61-1-scaled.jpg\" data-id=\"16632\" class=\"wp-image-16632 skip-lazy\" srcset=\"https:\/\/revita-clinic.eu\/wp-content\/uploads\/2026\/02\/20260112_hotelaleksander_2026_january_fullsize-61-1-1024x683.jpg 1024w, https:\/\/revita-clinic.eu\/wp-content\/uploads\/2026\/02\/20260112_hotelaleksander_2026_january_fullsize-61-1-300x200.jpg 300w, https:\/\/revita-clinic.eu\/wp-content\/uploads\/2026\/02\/20260112_hotelaleksander_2026_january_fullsize-61-1-768x512.jpg 768w, https:\/\/revita-clinic.eu\/wp-content\/uploads\/2026\/02\/20260112_hotelaleksander_2026_january_fullsize-61-1-1536x1024.jpg 1536w, https:\/\/revita-clinic.eu\/wp-content\/uploads\/2026\/02\/20260112_hotelaleksander_2026_january_fullsize-61-1-2048x1365.jpg 2048w, https:\/\/revita-clinic.eu\/wp-content\/uploads\/2026\/02\/20260112_hotelaleksander_2026_january_fullsize-61-1-1320x880.jpg 1320w\" sizes=\"(max-width: 1024px) 100vw, 1024px\" \/><\/div><\/div><\/figure><\/div><\/div><\/li><li class=\"kb-slide-item kb-gallery-slide-item splide__slide\"><div class=\"kadence-blocks-gallery-item\"><div class=\"kadence-blocks-gallery-item-inner\"><figure class=\"kb-gallery-figure kadence-blocks-gallery-item-hide-caption\"><div class=\"kb-gal-image-radius\"><div class=\"kb-gallery-image-contain kadence-blocks-gallery-intrinsic kb-gallery-image-ratio-land32 kb-has-image-ratio-land32\" ><img decoding=\"async\" src=\"https:\/\/revita-clinic.eu\/wp-content\/uploads\/2026\/02\/20260112_hotelaleksander_2026_january_fullsize-57-1024x683.jpg\" width=\"1024\" height=\"683\" alt=\"\" data-full-image=\"https:\/\/revita-clinic.eu\/wp-content\/uploads\/2026\/02\/20260112_hotelaleksander_2026_january_fullsize-57-scaled.jpg\" data-light-image=\"https:\/\/revita-clinic.eu\/wp-content\/uploads\/2026\/02\/20260112_hotelaleksander_2026_january_fullsize-57-scaled.jpg\" data-id=\"16626\" class=\"wp-image-16626 skip-lazy\" srcset=\"https:\/\/revita-clinic.eu\/wp-content\/uploads\/2026\/02\/20260112_hotelaleksander_2026_january_fullsize-57-1024x683.jpg 1024w, https:\/\/revita-clinic.eu\/wp-content\/uploads\/2026\/02\/20260112_hotelaleksander_2026_january_fullsize-57-300x200.jpg 300w, https:\/\/revita-clinic.eu\/wp-content\/uploads\/2026\/02\/20260112_hotelaleksander_2026_january_fullsize-57-768x512.jpg 768w, https:\/\/revita-clinic.eu\/wp-content\/uploads\/2026\/02\/20260112_hotelaleksander_2026_january_fullsize-57-1536x1024.jpg 1536w, https:\/\/revita-clinic.eu\/wp-content\/uploads\/2026\/02\/20260112_hotelaleksander_2026_january_fullsize-57-2048x1365.jpg 2048w, https:\/\/revita-clinic.eu\/wp-content\/uploads\/2026\/02\/20260112_hotelaleksander_2026_january_fullsize-57-1320x880.jpg 1320w\" sizes=\"(max-width: 1024px) 100vw, 1024px\" \/><\/div><\/div><\/figure><\/div><\/div><\/li><li class=\"kb-slide-item kb-gallery-slide-item splide__slide\"><div class=\"kadence-blocks-gallery-item\"><div class=\"kadence-blocks-gallery-item-inner\"><figure class=\"kb-gallery-figure kadence-blocks-gallery-item-hide-caption\"><div class=\"kb-gal-image-radius\"><div class=\"kb-gallery-image-contain kadence-blocks-gallery-intrinsic kb-gallery-image-ratio-land32 kb-has-image-ratio-land32\" ><img decoding=\"async\" src=\"https:\/\/revita-clinic.eu\/wp-content\/uploads\/2026\/02\/20251215_hotelaleksander_2025_december_fullsize-095-1-1024x683.jpg\" width=\"1024\" height=\"683\" alt=\"\" data-full-image=\"https:\/\/revita-clinic.eu\/wp-content\/uploads\/2026\/02\/20251215_hotelaleksander_2025_december_fullsize-095-1-scaled.jpg\" data-light-image=\"https:\/\/revita-clinic.eu\/wp-content\/uploads\/2026\/02\/20251215_hotelaleksander_2025_december_fullsize-095-1-scaled.jpg\" data-id=\"16620\" class=\"wp-image-16620 skip-lazy\" srcset=\"https:\/\/revita-clinic.eu\/wp-content\/uploads\/2026\/02\/20251215_hotelaleksander_2025_december_fullsize-095-1-1024x683.jpg 1024w, https:\/\/revita-clinic.eu\/wp-content\/uploads\/2026\/02\/20251215_hotelaleksander_2025_december_fullsize-095-1-300x200.jpg 300w, https:\/\/revita-clinic.eu\/wp-content\/uploads\/2026\/02\/20251215_hotelaleksander_2025_december_fullsize-095-1-768x512.jpg 768w, https:\/\/revita-clinic.eu\/wp-content\/uploads\/2026\/02\/20251215_hotelaleksander_2025_december_fullsize-095-1-1536x1024.jpg 1536w, https:\/\/revita-clinic.eu\/wp-content\/uploads\/2026\/02\/20251215_hotelaleksander_2025_december_fullsize-095-1-2048x1365.jpg 2048w, https:\/\/revita-clinic.eu\/wp-content\/uploads\/2026\/02\/20251215_hotelaleksander_2025_december_fullsize-095-1-1320x880.jpg 1320w\" sizes=\"(max-width: 1024px) 100vw, 1024px\" \/><\/div><\/div><\/figure><\/div><\/div><\/li><\/ul><\/div><\/div><\/div><\/div><\/div>\n<\/div>\n<\/div><\/div>\n\n\n\n<div class=\"wp-block-group alignfull second\"><div class=\"wp-block-group__inner-container is-layout-constrained wp-block-group-is-layout-constrained\">\n<div class=\"wp-block-columns is-layout-flex wp-container-core-columns-is-layout-9d6595d7 wp-block-columns-is-layout-flex\">\n<div class=\"wp-block-column is-layout-flow wp-block-column-is-layout-flow\"><\/div>\n\n\n\n<div class=\"wp-block-column quot is-layout-flow wp-block-column-is-layout-flow\" style=\"flex-basis:67%\"><style>.kb-image1171_bff92d-24 .kb-image-has-overlay:after{opacity:0.3;}.kb-image1171_bff92d-24 img.kb-img, .kb-image1171_bff92d-24 .kb-img img{-webkit-mask-image:url(https:\/\/revita-clinic.eu\/wp-content\/plugins\/kadence-blocks\/includes\/assets\/images\/masks\/circle.svg);mask-image:url(https:\/\/revita-clinic.eu\/wp-content\/plugins\/kadence-blocks\/includes\/assets\/images\/masks\/circle.svg);-webkit-mask-size:auto;mask-size:auto;-webkit-mask-repeat:no-repeat;mask-repeat:no-repeat;-webkit-mask-position:center;mask-position:center;}<\/style>\n<figure class=\"wp-block-kadence-image kb-image1171_bff92d-24 size-medium\"><img decoding=\"async\" width=\"300\" height=\"300\" src=\"https:\/\/revita-clinic.eu\/wp-content\/uploads\/2025\/05\/cus-300x300.jpg\" alt=\"\" class=\"kb-img wp-image-6573\" srcset=\"https:\/\/revita-clinic.eu\/wp-content\/uploads\/2025\/05\/cus-300x300.jpg 300w, https:\/\/revita-clinic.eu\/wp-content\/uploads\/2025\/05\/cus.jpg 450w\" sizes=\"(max-width: 300px) 100vw, 300px\" \/><figcaption>Glavni kuhar<br>Vitaliy Baranov<\/figcaption><\/figure>\n\n\n\n<p>Na\u0161 pristop je preprost, a globoko pomenljiv: vsaka sestavina, vsaka jed je ustvarjena zavestno in s skrbjo. Kuharji restavracije sodelujejo z medicinskimi strokovnjaki klinike za biolo\u0161ko dolgo\u017eivost Revita, da razvijejo jedilnik, ki je usklajen s posameznim terapevtskim programom in upo\u0161teva individualne zna\u010dilnosti pacienta.<\/p>\n<\/div>\n\n\n\n<div class=\"wp-block-column is-layout-flow wp-block-column-is-layout-flow\"><\/div>\n<\/div>\n<\/div><\/div>\n\n\n\n<div class=\"wp-block-group alignfull\"><div class=\"wp-block-group__inner-container is-layout-constrained wp-block-group-is-layout-constrained\">\n<div class=\"wp-block-columns food is-layout-flex wp-container-core-columns-is-layout-9d6595d7 wp-block-columns-is-layout-flex\">\n<div class=\"wp-block-column is-layout-flow wp-block-column-is-layout-flow\">\n<p>Vse na\u0161e sestavine kupujemo pri preverjenih lokalnih kmetih, kar zagotavlja njihovo visoko kakovost in sve\u017eino. Verjamemo v mo\u010d narave, zato je vsak izdelek skrbno izbran, da izbolj\u0161a va\u0161e po\u010dutje.<\/p>\n\n\n\n<p>Glavna sestavina je ljubezen, zato je na\u0161a zdrava hrana tudi izjemno okusna. Na\u0161i kuharji znajo na \u010dudovit na\u010din zdru\u017eiti zdrave sestavine in vsako jed spremeniti v mojstrovino, tako vizualno kot okusno! Samo poskusite!<\/p>\n<\/div>\n\n\n\n<div class=\"wp-block-column is-layout-flow wp-block-column-is-layout-flow\"><\/div>\n\n\n\n<div class=\"wp-block-column is-layout-flow wp-block-column-is-layout-flow\">\n<p>Prav tako gojimo zavestno prehranjevanje, pristop k hrani, ki temelji na zavedanju in pozornosti med procesom u\u017eivanja hrane. To je na\u010din interakcije s hrano, ki vam pomaga bolje razumeti va\u0161e fizi\u010dne in \u010dustvene potrebe, hkrati pa vam omogo\u010da, da u\u017eivate ve\u010d zadovoljstva in koristi od vsakega obroka.<\/p>\n\n\n\n<p>Z u\u010denjem o lastnostih razli\u010dnih sestavin in kako te pomagajo pri va\u0161em specifi\u010dnem stanju, boste lahko ohranjali zdravo prehrano tudi doma in tako podalj\u0161ali u\u010dinek terapevtskega programa.<\/p>\n<\/div>\n<\/div>\n\n\n\n<div class=\"wp-block-columns sous is-layout-flex wp-container-core-columns-is-layout-9d6595d7 wp-block-columns-is-layout-flex\">\n<div class=\"wp-block-column is-layout-flow wp-block-column-is-layout-flow\"><style>.kb-image1171_03f30f-0a .kb-image-has-overlay:after{opacity:0.3;}<\/style>\n<figure class=\"wp-block-kadence-image kb-image1171_03f30f-0a size-full\"><img decoding=\"async\" width=\"617\" height=\"415\" src=\"https:\/\/revita-clinic.eu\/wp-content\/uploads\/2024\/12\/r2.jpg\" alt=\"\" class=\"kb-img wp-image-2233\" srcset=\"https:\/\/revita-clinic.eu\/wp-content\/uploads\/2024\/12\/r2.jpg 617w, https:\/\/revita-clinic.eu\/wp-content\/uploads\/2024\/12\/r2-300x202.jpg 300w\" sizes=\"(max-width: 617px) 100vw, 617px\" \/><\/figure>\n<\/div>\n\n\n\n<div class=\"wp-block-column is-vertically-aligned-center is-layout-flow wp-block-column-is-layout-flow\">\n<p class=\"sous\">Ve\u010dina jedi v na\u0161i restavraciji je pripravljena po metodi <strong>sous-vide<\/strong>. Ta metoda vklju\u010duje kuhanje \u017eivil v posebnih vakuumskih vre\u010dkah pri nizki in natan\u010dno nadzorovani temperaturi. Ta postopek lahko traja od nekaj ur do celo ve\u010d dni.<\/p>\n\n\n\n<p>Zaradi nizkih temperatur (obi\u010dajno v razponu od 50\u201390 \u00b0C) in odsotnosti stika z zrakom se ohranijo vitamini, minerali in druge koristne snovi, ki se pri tradicionalni toplotni obdelavi uni\u010dijo. Vakuumska embala\u017ea zadr\u017ei naravne sokove in arome, kar prepre\u010duje njihovo izhlapevanje. To naredi okus jedi bolj intenziven. Metoda omogo\u010da pripravo jedi z minimalno dodanim oljem ali soljo, pri \u010demer se ohranja naravni okus sestavin.<\/p>\n\n\n\n<p>Zato je hrana v na\u0161i restavraciji tako okusna in zdrava!<\/p>\n<\/div>\n<\/div>\n<\/div><\/div>\n","protected":false},"excerpt":{"rendered":"<p>Edina restavracija zavedne prehrane v Sloveniji Eden klju\u010dnih dejavnikov uspeha vsakega terapevtskega programa v na\u0161i&hellip;<\/p>\n","protected":false},"author":1,"featured_media":9455,"parent":0,"menu_order":0,"comment_status":"closed","ping_status":"closed","template":"","meta":{"_acf_changed":false,"footnotes":""},"class_list":["post-1171","page","type-page","status-publish","has-post-thumbnail","hentry"],"acf":[],"_links":{"self":[{"href":"https:\/\/revita-clinic.eu\/sl\/wp-json\/wp\/v2\/pages\/1171","targetHints":{"allow":["GET"]}}],"collection":[{"href":"https:\/\/revita-clinic.eu\/sl\/wp-json\/wp\/v2\/pages"}],"about":[{"href":"https:\/\/revita-clinic.eu\/sl\/wp-json\/wp\/v2\/types\/page"}],"author":[{"embeddable":true,"href":"https:\/\/revita-clinic.eu\/sl\/wp-json\/wp\/v2\/users\/1"}],"replies":[{"embeddable":true,"href":"https:\/\/revita-clinic.eu\/sl\/wp-json\/wp\/v2\/comments?post=1171"}],"version-history":[{"count":1,"href":"https:\/\/revita-clinic.eu\/sl\/wp-json\/wp\/v2\/pages\/1171\/revisions"}],"predecessor-version":[{"id":16658,"href":"https:\/\/revita-clinic.eu\/sl\/wp-json\/wp\/v2\/pages\/1171\/revisions\/16658"}],"wp:featuredmedia":[{"embeddable":true,"href":"https:\/\/revita-clinic.eu\/sl\/wp-json\/wp\/v2\/media\/9455"}],"wp:attachment":[{"href":"https:\/\/revita-clinic.eu\/sl\/wp-json\/wp\/v2\/media?parent=1171"}],"curies":[{"name":"wp","href":"https:\/\/api.w.org\/{rel}","templated":true}]}}