{"id":1489,"date":"2024-09-17T21:45:14","date_gmt":"2024-09-17T19:45:14","guid":{"rendered":"https:\/\/revita-clinic.eu\/programs\/"},"modified":"2026-03-12T17:02:39","modified_gmt":"2026-03-12T15:02:39","slug":"programs","status":"publish","type":"page","link":"https:\/\/revita-clinic.eu\/sl\/programs\/","title":{"rendered":"Programi"},"content":{"rendered":"\n<div class=\"wp-block-group alignfull programs steps programs_page\"><div class=\"wp-block-group__inner-container is-layout-constrained wp-block-group-is-layout-constrained\">\n<div class=\"wp-block-group is-layout-grid wp-container-core-group-is-layout-e8b78b74 wp-block-group-is-layout-grid\">\n<div class=\"wp-block-group programs_item is-vertical is-layout-flex wp-container-core-group-is-layout-8cf370e7 wp-block-group-is-layout-flex\"><style>.kb-image1489_cbe772-63 .kb-image-has-overlay:after{opacity:0.3;}<\/style>\n<figure class=\"wp-block-kadence-image kb-image1489_cbe772-63\"><a href=\"https:\/\/revita-clinic.eu\/sl\/programs\/antiage\/\" class=\"kb-advanced-image-link\"><img decoding=\"async\" width=\"470\" height=\"626\" src=\"https:\/\/revita-clinic.eu\/wp-content\/uploads\/2026\/03\/pr117.jpg\" alt=\"\" class=\"kb-img wp-image-17582\" srcset=\"https:\/\/revita-clinic.eu\/wp-content\/uploads\/2026\/03\/pr117.jpg 470w, https:\/\/revita-clinic.eu\/wp-content\/uploads\/2026\/03\/pr117-225x300.jpg 225w\" sizes=\"(max-width: 470px) 100vw, 470px\" \/><\/a><\/figure>\n\n\n\n<h6 class=\"wp-block-heading\"><a data-type=\"page\" data-id=\"338\" href=\"https:\/\/revita-clinic.eu\/sl\/programs\/antiage\/\">Dolgo\u017eivost in pomlajevanje<\/a><\/h6>\n<\/div>\n\n\n\n<div class=\"wp-block-group programs_item wp-container-content-7ed1b8cc is-vertical is-layout-flex wp-container-core-group-is-layout-8cf370e7 wp-block-group-is-layout-flex\"><style>.kb-image1489_90d47c-47 .kb-image-has-overlay:after{opacity:0.3;}<\/style>\n<figure class=\"wp-block-kadence-image kb-image1489_90d47c-47\"><a href=\"https:\/\/revita-clinic.eu\/sl\/programs\/detox\/\" class=\"kb-advanced-image-link\"><img decoding=\"async\" width=\"470\" height=\"626\" src=\"https:\/\/revita-clinic.eu\/wp-content\/uploads\/2026\/03\/pr118.jpg\" alt=\"\" class=\"kb-img wp-image-17557\" srcset=\"https:\/\/revita-clinic.eu\/wp-content\/uploads\/2026\/03\/pr118.jpg 470w, https:\/\/revita-clinic.eu\/wp-content\/uploads\/2026\/03\/pr118-225x300.jpg 225w\" sizes=\"(max-width: 470px) 100vw, 470px\" \/><\/a><\/figure>\n\n\n\n<h6 class=\"wp-block-heading\"><a data-type=\"page\" data-id=\"259\" href=\"https:\/\/revita-clinic.eu\/sl\/programs\/detox\/\">Detoks in ravnovesje mikrobioma<\/a><\/h6>\n<\/div>\n\n\n\n<div class=\"wp-block-group programs_item is-vertical is-layout-flex wp-container-core-group-is-layout-8cf370e7 wp-block-group-is-layout-flex\"><style>.kb-image1489_b3ec7b-93 .kb-image-has-overlay:after{opacity:0.3;}<\/style>\n<figure class=\"wp-block-kadence-image kb-image1489_b3ec7b-93\"><a href=\"https:\/\/revita-clinic.eu\/sl\/programs\/intensive-weight-loss\/\" class=\"kb-advanced-image-link\"><img decoding=\"async\" width=\"470\" height=\"626\" src=\"https:\/\/revita-clinic.eu\/wp-content\/uploads\/2026\/03\/pr104.jpg\" alt=\"\" class=\"kb-img wp-image-17537\" srcset=\"https:\/\/revita-clinic.eu\/wp-content\/uploads\/2026\/03\/pr104.jpg 470w, https:\/\/revita-clinic.eu\/wp-content\/uploads\/2026\/03\/pr104-225x300.jpg 225w\" sizes=\"(max-width: 470px) 100vw, 470px\" \/><\/a><\/figure>\n\n\n\n<h6 class=\"wp-block-heading\"><a href=\"https:\/\/revita-clinic.eu\/sl\/programs\/intensive-weight-loss\/\">Intenzivno huj\u0161anje<\/a><\/h6>\n<\/div>\n\n\n\n<div class=\"wp-block-group programs_item is-vertical is-layout-flex wp-container-core-group-is-layout-8cf370e7 wp-block-group-is-layout-flex\"><style>.kb-image1489_3352a7-b1 .kb-image-has-overlay:after{opacity:0.3;}<\/style>\n<figure class=\"wp-block-kadence-image kb-image1489_3352a7-b1\"><a href=\"https:\/\/revita-clinic.eu\/sl\/programs\/anti-stress\/\" class=\"kb-advanced-image-link\"><img decoding=\"async\" width=\"470\" height=\"626\" src=\"https:\/\/revita-clinic.eu\/wp-content\/uploads\/2026\/03\/pr101.jpg\" alt=\"\" class=\"kb-img wp-image-17531\" srcset=\"https:\/\/revita-clinic.eu\/wp-content\/uploads\/2026\/03\/pr101.jpg 470w, https:\/\/revita-clinic.eu\/wp-content\/uploads\/2026\/03\/pr101-225x300.jpg 225w\" sizes=\"(max-width: 470px) 100vw, 470px\" \/><\/a><\/figure>\n\n\n\n<h6 class=\"wp-block-heading\"><a data-type=\"page\" data-id=\"338\" href=\"https:\/\/revita-clinic.eu\/sl\/programs\/anti-stress\/\">Proti stresu<\/a><\/h6>\n<\/div>\n\n\n\n<div class=\"wp-block-group programs_item is-vertical is-layout-flex wp-container-core-group-is-layout-8cf370e7 wp-block-group-is-layout-flex\"><style>.kb-image1489_dc6138-c9 .kb-image-has-overlay:after{opacity:0.3;}<\/style>\n<figure class=\"wp-block-kadence-image kb-image1489_dc6138-c9\"><a href=\"https:\/\/revita-clinic.eu\/sl\/programs\/general-health-improvement\/\" class=\"kb-advanced-image-link\"><img decoding=\"async\" width=\"470\" height=\"626\" src=\"https:\/\/revita-clinic.eu\/wp-content\/uploads\/2026\/03\/pr110.jpg\" alt=\"\" class=\"kb-img wp-image-17549\" srcset=\"https:\/\/revita-clinic.eu\/wp-content\/uploads\/2026\/03\/pr110.jpg 470w, https:\/\/revita-clinic.eu\/wp-content\/uploads\/2026\/03\/pr110-225x300.jpg 225w\" sizes=\"(max-width: 470px) 100vw, 470px\" \/><\/a><\/figure>\n\n\n\n<h6 class=\"wp-block-heading\"><a href=\"https:\/\/revita-clinic.eu\/sl\/programs\/general-health-improvement\/\">Splo\u0161no izbolj\u0161anje zdravja<\/a><\/h6>\n<\/div>\n\n\n\n<div class=\"wp-block-group programs_item is-vertical is-layout-flex wp-container-core-group-is-layout-8cf370e7 wp-block-group-is-layout-flex\"><style>.kb-image1489_2869d9-26 .kb-image-has-overlay:after{opacity:0.3;}<\/style>\n<figure class=\"wp-block-kadence-image kb-image1489_2869d9-26\"><a href=\"https:\/\/revita-clinic.eu\/sl\/programs\/womens-health\/\" class=\"kb-advanced-image-link\"><img decoding=\"async\" width=\"470\" height=\"626\" src=\"https:\/\/revita-clinic.eu\/wp-content\/uploads\/2026\/03\/pr111.jpg\" alt=\"\" class=\"kb-img wp-image-17563\" srcset=\"https:\/\/revita-clinic.eu\/wp-content\/uploads\/2026\/03\/pr111.jpg 470w, https:\/\/revita-clinic.eu\/wp-content\/uploads\/2026\/03\/pr111-225x300.jpg 225w\" sizes=\"(max-width: 470px) 100vw, 470px\" \/><\/a><\/figure>\n\n\n\n<h6 class=\"wp-block-heading\"><a href=\"https:\/\/revita-clinic.eu\/sl\/programs\/womens-health\/\">Retreat za \u017eensko zdravje<\/a><\/h6>\n<\/div>\n\n\n\n<div class=\"wp-block-group programs_item is-vertical is-layout-flex wp-container-core-group-is-layout-8cf370e7 wp-block-group-is-layout-flex\"><style>.kb-image1489_f29e92-91 .kb-image-has-overlay:after{opacity:0.3;}<\/style>\n<figure class=\"wp-block-kadence-image kb-image1489_f29e92-91\"><a href=\"https:\/\/revita-clinic.eu\/sl\/programs\/senior-rehabilitation\/\" class=\"kb-advanced-image-link\"><img decoding=\"async\" width=\"470\" height=\"626\" src=\"https:\/\/revita-clinic.eu\/wp-content\/uploads\/2026\/03\/pr115.jpg\" alt=\"\" class=\"kb-img wp-image-17576\" srcset=\"https:\/\/revita-clinic.eu\/wp-content\/uploads\/2026\/03\/pr115.jpg 470w, https:\/\/revita-clinic.eu\/wp-content\/uploads\/2026\/03\/pr115-225x300.jpg 225w\" sizes=\"(max-width: 470px) 100vw, 470px\" \/><\/a><\/figure>\n\n\n\n<h6 class=\"wp-block-heading\"><a href=\"https:\/\/revita-clinic.eu\/sl\/programs\/senior-rehabilitation\/\">Rehabilitacija starej\u0161ih<\/a><\/h6>\n<\/div>\n<\/div>\n<\/div><\/div>\n","protected":false},"excerpt":{"rendered":"<p>Dolgo\u017eivost in pomlajevanje Detoks in ravnovesje mikrobioma Intenzivno huj\u0161anje Proti stresu Splo\u0161no izbolj\u0161anje zdravja Retreat&hellip;<\/p>\n","protected":false},"author":1,"featured_media":0,"parent":0,"menu_order":0,"comment_status":"closed","ping_status":"closed","template":"","meta":{"_acf_changed":false,"footnotes":""},"class_list":["post-1489","page","type-page","status-publish","hentry"],"acf":[],"_links":{"self":[{"href":"https:\/\/revita-clinic.eu\/sl\/wp-json\/wp\/v2\/pages\/1489","targetHints":{"allow":["GET"]}}],"collection":[{"href":"https:\/\/revita-clinic.eu\/sl\/wp-json\/wp\/v2\/pages"}],"about":[{"href":"https:\/\/revita-clinic.eu\/sl\/wp-json\/wp\/v2\/types\/page"}],"author":[{"embeddable":true,"href":"https:\/\/revita-clinic.eu\/sl\/wp-json\/wp\/v2\/users\/1"}],"replies":[{"embeddable":true,"href":"https:\/\/revita-clinic.eu\/sl\/wp-json\/wp\/v2\/comments?post=1489"}],"version-history":[{"count":5,"href":"https:\/\/revita-clinic.eu\/sl\/wp-json\/wp\/v2\/pages\/1489\/revisions"}],"predecessor-version":[{"id":17611,"href":"https:\/\/revita-clinic.eu\/sl\/wp-json\/wp\/v2\/pages\/1489\/revisions\/17611"}],"wp:attachment":[{"href":"https:\/\/revita-clinic.eu\/sl\/wp-json\/wp\/v2\/media?parent=1489"}],"curies":[{"name":"wp","href":"https:\/\/api.w.org\/{rel}","templated":true}]}}