{"id":7247,"date":"2025-06-12T11:19:42","date_gmt":"2025-06-12T09:19:42","guid":{"rendered":"https:\/\/revita-clinic.eu\/voda-donat\/"},"modified":"2025-06-12T12:46:48","modified_gmt":"2025-06-12T12:46:48","slug":"voda-donat","status":"publish","type":"page","link":"https:\/\/revita-clinic.eu\/sl\/voda-donat\/","title":{"rendered":"Zdravilna voda Donat"},"content":{"rendered":"\n<div class=\"wp-block-group alignfull about\"><div class=\"wp-block-group__inner-container is-layout-constrained wp-block-group-is-layout-constrained\">\n<div class=\"wp-block-columns is-layout-flex wp-container-core-columns-is-layout-9d6595d7 wp-block-columns-is-layout-flex\">\n<div class=\"wp-block-column is-vertically-aligned-center is-layout-flow wp-block-column-is-layout-flow\">\n<p>Mineralna voda Donat Mg je bila prvi\u010d omenjena v kronikah leta 1411. Leta 1680 je profesor Paul de Sorbet opisal njene zdravilne lastnosti. Danes je zdravilni u\u010dinek Donata Mg popolnoma dokazan, zdravniki pa jo priporo\u010dajo ljudem z razli\u010dnimi zdravstvenimi te\u017eavami.<\/p>\n\n\n\n<p><strong>Zdravilne lastnosti Donata Mg<\/strong><\/p>\n\n\n\n<p>Liter te mineralne vode vsebuje 13 g mineralov, vklju\u010dno z 1 g magnezija in 300 mg kalcija. Magnezij aktivira ve\u010d kot 300 biokemijskih procesov v telesu. Poleg magnezija Donat Mg vsebuje \u0161e kalcij, ogljikov dioksid, natrij, sulfate in hidrogenkarbonate. Donat Mg pomaga nadomestiti primanjkljaj magnezija, ki ga obi\u010dajna pitna voda ne vsebuje dovolj.<\/p>\n<\/div>\n\n\n\n<div class=\"wp-block-column is-layout-flow wp-block-column-is-layout-flow\"><style>.kb-image7247_e76f39-2e .kb-image-has-overlay:after{opacity:0.3;}<\/style>\n<figure class=\"wp-block-kadence-image kb-image7247_e76f39-2e size-full\"><img decoding=\"async\" width=\"690\" height=\"460\" src=\"https:\/\/revita-clinic.eu\/wp-content\/uploads\/2025\/06\/c129.jpg\" alt=\"\" class=\"kb-img wp-image-7230\" srcset=\"https:\/\/revita-clinic.eu\/wp-content\/uploads\/2025\/06\/c129.jpg 690w, https:\/\/revita-clinic.eu\/wp-content\/uploads\/2025\/06\/c129-300x200.jpg 300w\" sizes=\"(max-width: 690px) 100vw, 690px\" \/><\/figure>\n<\/div>\n<\/div>\n\n\n\n<div class=\"wp-block-columns is-layout-flex wp-container-core-columns-is-layout-9d6595d7 wp-block-columns-is-layout-flex\">\n<div class=\"wp-block-column is-layout-flow wp-block-column-is-layout-flow\"><style>.kb-image7247_55265b-49 .kb-image-has-overlay:after{opacity:0.3;}<\/style>\n<figure class=\"wp-block-kadence-image kb-image7247_55265b-49 size-full\"><img decoding=\"async\" width=\"690\" height=\"614\" src=\"https:\/\/revita-clinic.eu\/wp-content\/uploads\/2025\/06\/c29.jpg\" alt=\"\" class=\"kb-img wp-image-7217\" srcset=\"https:\/\/revita-clinic.eu\/wp-content\/uploads\/2025\/06\/c29.jpg 690w, https:\/\/revita-clinic.eu\/wp-content\/uploads\/2025\/06\/c29-300x267.jpg 300w\" sizes=\"(max-width: 690px) 100vw, 690px\" \/><\/figure>\n<\/div>\n\n\n\n<div class=\"wp-block-column is-vertically-aligned-center is-layout-flow wp-block-column-is-layout-flow\">\n<p><strong>Donat Mg:<\/strong><\/p>\n\n\n\n<ul class=\"wp-block-list\">\n<li>Zmanj\u0161uje telesno te\u017eo, pospe\u0161uje peristaltiko in presnovo, odpravlja zaprtje<\/li>\n\n\n\n<li>Zni\u017euje raven sladkorja v krvi in zmanj\u0161uje inzulinsko rezistenco<\/li>\n\n\n\n<li>Spodbuja nastajanje inzulina, \u010de se pije pred jedjo<\/li>\n\n\n\n<li>Zmanj\u0161uje vzdra\u017eljivost celi\u010dnih membran in pomaga pri obvladovanju stresa<\/li>\n\n\n\n<li>Izbolj\u0161uje absorpcijo kalija, ki je klju\u010den za prenos \u017eiv\u010dnih impulzov in prepre\u010devanje aritmij<\/li>\n\n\n\n<li>Zmanj\u0161uje velikost krvnih strdkov in tveganje za trombozo<\/li>\n\n\n\n<li>Zni\u017euje krvni tlak<\/li>\n\n\n\n<li>Zmanj\u0161uje tveganje za prezgodnji porod in gestacijski diabetes<\/li>\n<\/ul>\n\n\n\n<p>Donat Mg nima stranskih u\u010dinkov. Priporo\u010da se tudi zdravim ljudem za vzdr\u017eevanje normalne ravni magnezija \u2014 elementa, ki je bistven za delovanje celotnega telesa.<\/p>\n<\/div>\n<\/div>\n\n\n<style>.wp-block-kadence-advancedbtn.kb-btns7247_31e9ce-fd{gap:var(--global-kb-gap-xs, 0.5rem );justify-content:center;align-items:center;}.kt-btns7247_31e9ce-fd .kt-button{font-weight:normal;font-style:normal;}.kt-btns7247_31e9ce-fd .kt-btn-wrap-0{margin-right:5px;}.wp-block-kadence-advancedbtn.kt-btns7247_31e9ce-fd .kt-btn-wrap-0 .kt-button{color:#555555;border-color:#555555;}.wp-block-kadence-advancedbtn.kt-btns7247_31e9ce-fd .kt-btn-wrap-0 .kt-button:hover, .wp-block-kadence-advancedbtn.kt-btns7247_31e9ce-fd .kt-btn-wrap-0 .kt-button:focus{color:#ffffff;border-color:#444444;}.wp-block-kadence-advancedbtn.kt-btns7247_31e9ce-fd .kt-btn-wrap-0 .kt-button::before{display:none;}.wp-block-kadence-advancedbtn.kt-btns7247_31e9ce-fd .kt-btn-wrap-0 .kt-button:hover, .wp-block-kadence-advancedbtn.kt-btns7247_31e9ce-fd .kt-btn-wrap-0 .kt-button:focus{background:#444444;}<\/style>\n<div class=\"wp-block-kadence-advancedbtn kb-buttons-wrap kb-btns7247_31e9ce-fd\"><style>.wp-block-kadence-advancedbtn .kb-btn7247_95f3f4-8d.kb-button{color:#000000;border-top-left-radius:10px;border-top-right-radius:10px;border-bottom-right-radius:10px;border-bottom-left-radius:10px;border-top:1px solid #000000;border-right:1px solid #000000;border-bottom:1px solid #000000;border-left:1px solid #000000;padding-top:var(--global-kb-spacing-xs, 1rem);padding-right:var(--global-kb-spacing-xs, 1rem);padding-bottom:var(--global-kb-spacing-xs, 1rem);padding-left:var(--global-kb-spacing-xs, 1rem);}@media all and (max-width: 1024px){.wp-block-kadence-advancedbtn .kb-btn7247_95f3f4-8d.kb-button{border-top:1px solid #000000;border-right:1px solid #000000;border-bottom:1px solid #000000;border-left:1px solid #000000;}}@media all and (max-width: 767px){.wp-block-kadence-advancedbtn .kb-btn7247_95f3f4-8d.kb-button{border-top:1px solid #000000;border-right:1px solid #000000;border-bottom:1px solid #000000;border-left:1px solid #000000;}}<\/style><span class=\"kb-button kt-button button kb-btn7247_95f3f4-8d kt-btn-size-standard kt-btn-width-type-fixed kb-btn-global-outline  kt-btn-has-text-true kt-btn-has-svg-true  contact-open wp-block-kadence-singlebtn\"><span class=\"kt-btn-inner-text\">Oddajte povpra\u0161evanje<\/span><span class=\"kb-svg-icon-wrap kb-svg-icon-fe_arrowRight kt-btn-icon-side-right\"><svg viewBox=\"0 0 24 24\"  fill=\"none\" stroke=\"currentColor\" stroke-width=\"2\" stroke-linecap=\"round\" stroke-linejoin=\"round\" xmlns=\"http:\/\/www.w3.org\/2000\/svg\"  aria-hidden=\"true\"><line x1=\"5\" y1=\"12\" x2=\"19\" y2=\"12\"\/><polyline points=\"12 5 19 12 12 19\"\/><\/svg><\/span><\/span><\/div>\n<\/div><\/div>\n","protected":false},"excerpt":{"rendered":"<p>Mineralna voda Donat Mg je bila prvi\u010d omenjena v kronikah leta 1411. Leta 1680 je&hellip;<\/p>\n","protected":false},"author":1,"featured_media":7241,"parent":0,"menu_order":0,"comment_status":"closed","ping_status":"closed","template":"","meta":{"_acf_changed":false,"footnotes":""},"class_list":["post-7247","page","type-page","status-publish","has-post-thumbnail","hentry"],"acf":[],"_links":{"self":[{"href":"https:\/\/revita-clinic.eu\/sl\/wp-json\/wp\/v2\/pages\/7247","targetHints":{"allow":["GET"]}}],"collection":[{"href":"https:\/\/revita-clinic.eu\/sl\/wp-json\/wp\/v2\/pages"}],"about":[{"href":"https:\/\/revita-clinic.eu\/sl\/wp-json\/wp\/v2\/types\/page"}],"author":[{"embeddable":true,"href":"https:\/\/revita-clinic.eu\/sl\/wp-json\/wp\/v2\/users\/1"}],"replies":[{"embeddable":true,"href":"https:\/\/revita-clinic.eu\/sl\/wp-json\/wp\/v2\/comments?post=7247"}],"version-history":[{"count":0,"href":"https:\/\/revita-clinic.eu\/sl\/wp-json\/wp\/v2\/pages\/7247\/revisions"}],"wp:featuredmedia":[{"embeddable":true,"href":"https:\/\/revita-clinic.eu\/sl\/wp-json\/wp\/v2\/media\/7241"}],"wp:attachment":[{"href":"https:\/\/revita-clinic.eu\/sl\/wp-json\/wp\/v2\/media?parent=7247"}],"curies":[{"name":"wp","href":"https:\/\/api.w.org\/{rel}","templated":true}]}}